{"id":90,"date":"2026-02-05T23:11:05","date_gmt":"2026-02-05T23:11:05","guid":{"rendered":"https:\/\/notrevilletaneuse.fr\/?page_id=90"},"modified":"2026-03-02T19:55:52","modified_gmt":"2026-03-02T19:55:52","slug":"les-candidates-et-candidats","status":"publish","type":"page","link":"https:\/\/notrevilletaneuse.fr\/index.php\/les-candidates-et-candidats\/","title":{"rendered":"Les candidates et candidats"},"content":{"rendered":"\n<h2 class=\"wp-block-heading\">Les candidates et candidats de la liste &#8220;Notre Villetaneuse&#8221;<\/h2>\n\n\n\n<figure class=\"wp-block-image aligncenter size-large\"><img loading=\"lazy\" decoding=\"async\" width=\"691\" height=\"1024\" src=\"https:\/\/notrevilletaneuse.fr\/wp-content\/uploads\/2026\/03\/Equipe-Notre-Villetaneuse-1-691x1024.jpg\" alt=\"\" class=\"wp-image-579\" srcset=\"https:\/\/notrevilletaneuse.fr\/wp-content\/uploads\/2026\/03\/Equipe-Notre-Villetaneuse-1-691x1024.jpg 691w, https:\/\/notrevilletaneuse.fr\/wp-content\/uploads\/2026\/03\/Equipe-Notre-Villetaneuse-1-202x300.jpg 202w, https:\/\/notrevilletaneuse.fr\/wp-content\/uploads\/2026\/03\/Equipe-Notre-Villetaneuse-1-768x1139.jpg 768w, https:\/\/notrevilletaneuse.fr\/wp-content\/uploads\/2026\/03\/Equipe-Notre-Villetaneuse-1-1036x1536.jpg 1036w, https:\/\/notrevilletaneuse.fr\/wp-content\/uploads\/2026\/03\/Equipe-Notre-Villetaneuse-1-1381x2048.jpg 1381w, https:\/\/notrevilletaneuse.fr\/wp-content\/uploads\/2026\/03\/Equipe-Notre-Villetaneuse-1-scaled.jpg 1726w\" sizes=\"auto, (max-width: 691px) 100vw, 691px\" \/><\/figure>\n\n\n\n<h3 class=\"wp-block-heading\">Une \u00e9quipe engag\u00e9e par une charte \u00e9thique exigeante<\/h3>\n\n\n\n<p>Les candidates et candidats de la liste <strong>Notre Villetaneuse<\/strong> ont fait le choix d\u2019un engagement clair et public.<\/p>\n\n\n\n<p>Tous ont sign\u00e9 une <strong>charte \u00e9thique et de respect<\/strong>, garantissant :<\/p>\n\n\n\n<ul class=\"wp-block-list\">\n<li>le respect des habitantes et des habitants<\/li>\n\n\n\n<li>le respect du d\u00e9bat d\u00e9mocratique<\/li>\n\n\n\n<li>la transparence de l\u2019action publique<\/li>\n\n\n\n<li>la protection et le respect du personnel communal<\/li>\n<\/ul>\n\n\n\n<p>Cette charte constitue un socle de confiance entre les \u00e9lus et la population.<\/p>\n\n\n\n<p>\ud83d\udc49 Consulter la charte \u00e9thique<\/p>\n\n\n\n<div class=\"wp-block-buttons is-content-justification-center is-layout-flex wp-container-core-buttons-is-layout-a89b3969 wp-block-buttons-is-layout-flex\">\n<div class=\"wp-block-button\"><a class=\"wp-block-button__link wp-element-button\" href=\"https:\/\/notrevilletaneuse.fr\/index.php\/charte-ethique-de-lelue\/\"><strong>Charte \u00c9thique de l\u2019\u00c9lu(e)<\/strong> <strong>\u00ab Notre Villetaneuse \u00bb<\/strong><\/a><\/div>\n<\/div>\n","protected":false},"excerpt":{"rendered":"<p>Les candidates et candidats de la liste &#8220;Notre Villetaneuse&#8221; Une \u00e9quipe engag\u00e9e par une charte \u00e9thique exigeante Les candidates et [&hellip;]<\/p>\n","protected":false},"author":1,"featured_media":0,"parent":0,"menu_order":0,"comment_status":"closed","ping_status":"closed","template":"","meta":{"_monsterinsights_skip_tracking":false,"_monsterinsights_sitenote_active":false,"_monsterinsights_sitenote_note":"","_monsterinsights_sitenote_category":0,"site-sidebar-layout":"default","site-content-layout":"","ast-site-content-layout":"default","site-content-style":"default","site-sidebar-style":"default","ast-global-header-display":"","ast-banner-title-visibility":"","ast-main-header-display":"","ast-hfb-above-header-display":"","ast-hfb-below-header-display":"","ast-hfb-mobile-header-display":"","site-post-title":"disabled","ast-breadcrumbs-content":"","ast-featured-img":"","footer-sml-layout":"","ast-disable-related-posts":"","theme-transparent-header-meta":"","adv-header-id-meta":"","stick-header-meta":"","header-above-stick-meta":"","header-main-stick-meta":"","header-below-stick-meta":"","astra-migrate-meta-layouts":"default","ast-page-background-enabled":"default","ast-page-background-meta":{"desktop":{"background-color":"var(--ast-global-color-5)","background-image":"","background-repeat":"repeat","background-position":"center center","background-size":"auto","background-attachment":"scroll","background-type":"","background-media":"","overlay-type":"","overlay-color":"","overlay-opacity":"","overlay-gradient":""},"tablet":{"background-color":"","background-image":"","background-repeat":"repeat","background-position":"center center","background-size":"auto","background-attachment":"scroll","background-type":"","background-media":"","overlay-type":"","overlay-color":"","overlay-opacity":"","overlay-gradient":""},"mobile":{"background-color":"","background-image":"","background-repeat":"repeat","background-position":"center center","background-size":"auto","background-attachment":"scroll","background-type":"","background-media":"","overlay-type":"","overlay-color":"","overlay-opacity":"","overlay-gradient":""}},"ast-content-background-meta":{"desktop":{"background-color":"var(--ast-global-color-4)","background-image":"","background-repeat":"repeat","background-position":"center center","background-size":"auto","background-attachment":"scroll","background-type":"","background-media":"","overlay-type":"","overlay-color":"","overlay-opacity":"","overlay-gradient":""},"tablet":{"background-color":"var(--ast-global-color-4)","background-image":"","background-repeat":"repeat","background-position":"center center","background-size":"auto","background-attachment":"scroll","background-type":"","background-media":"","overlay-type":"","overlay-color":"","overlay-opacity":"","overlay-gradient":""},"mobile":{"background-color":"var(--ast-global-color-4)","background-image":"","background-repeat":"repeat","background-position":"center center","background-size":"auto","background-attachment":"scroll","background-type":"","background-media":"","overlay-type":"","overlay-color":"","overlay-opacity":"","overlay-gradient":""}},"footnotes":""},"class_list":["post-90","page","type-page","status-publish","hentry"],"_links":{"self":[{"href":"https:\/\/notrevilletaneuse.fr\/index.php\/wp-json\/wp\/v2\/pages\/90","targetHints":{"allow":["GET"]}}],"collection":[{"href":"https:\/\/notrevilletaneuse.fr\/index.php\/wp-json\/wp\/v2\/pages"}],"about":[{"href":"https:\/\/notrevilletaneuse.fr\/index.php\/wp-json\/wp\/v2\/types\/page"}],"author":[{"embeddable":true,"href":"https:\/\/notrevilletaneuse.fr\/index.php\/wp-json\/wp\/v2\/users\/1"}],"replies":[{"embeddable":true,"href":"https:\/\/notrevilletaneuse.fr\/index.php\/wp-json\/wp\/v2\/comments?post=90"}],"version-history":[{"count":4,"href":"https:\/\/notrevilletaneuse.fr\/index.php\/wp-json\/wp\/v2\/pages\/90\/revisions"}],"predecessor-version":[{"id":580,"href":"https:\/\/notrevilletaneuse.fr\/index.php\/wp-json\/wp\/v2\/pages\/90\/revisions\/580"}],"wp:attachment":[{"href":"https:\/\/notrevilletaneuse.fr\/index.php\/wp-json\/wp\/v2\/media?parent=90"}],"curies":[{"name":"wp","href":"https:\/\/api.w.org\/{rel}","templated":true}]}}