{"id":475,"date":"2026-02-12T18:58:46","date_gmt":"2026-02-12T18:58:46","guid":{"rendered":"https:\/\/notrevilletaneuse.fr\/?page_id=475"},"modified":"2026-02-25T10:17:18","modified_gmt":"2026-02-25T10:17:18","slug":"projet-educatif-territorial-pedt","status":"publish","type":"page","link":"https:\/\/notrevilletaneuse.fr\/index.php\/projet-educatif-territorial-pedt\/","title":{"rendered":"Projet \u00c9ducatif Territorial (PEdT)"},"content":{"rendered":"\n<h2 class=\"wp-block-heading\">Vers un PEdT(Projet Educatif Territorial) revivifi\u00e9 : <\/h2>\n\n\n\n<p><em><strong>Propositions pour un territoire \u00e9ducatif coh\u00e9rent et une citoyennet\u00e9 partag\u00e9e.<\/strong><\/em><\/p>\n\n\n\n<figure class=\"wp-block-table\"><table class=\"has-fixed-layout\"><tbody><tr><td class=\"has-text-align-center\" data-align=\"center\"><strong>Th\u00e9matiques<\/strong><\/td><td class=\"has-text-align-center\" data-align=\"center\"><strong>Objectifs&nbsp;&nbsp;<\/strong><\/td><td class=\"has-text-align-center\" data-align=\"center\"><strong>Dispositifs<\/strong><\/td><\/tr><tr><td class=\"has-text-align-center\" data-align=\"center\"><strong>\u00c9cole et r\u00e9ussite<\/strong><\/td><td class=\"has-text-align-center\" data-align=\"center\">&#8211; Permettre aux enseignants de travailler dans de bonnes conditions.<br><br>&#8211; Aider \u00e0 la stabilit\u00e9 du corps enseignants.<br><br>&#8211; Pr\u00e9venir les difficult\u00e9s le plus t\u00f4t possible.<br><\/td><td class=\"has-text-align-center\" data-align=\"center\">&#8211; Etat des lieux des besoins (\u00e9quipement, fonctionnement).<br><br>&#8211; Soutien de la ville envers les enseignants&nbsp;: demande de moyens \u2026.<br><br>&#8211; Aide \u00e0 la recherche et obtention d\u2019un logement.<br><br>&#8211; Renouer le contact avec les \u00e9coles, r\u00e9investir les conseils d\u2019\u00e9cole et conseil d\u2019\u00e9tablissement pour \u00eatre au plus pr\u00e8s de la r\u00e9alit\u00e9.<br><br>&#8211; Mettre en place des projets \u00e9ducatifs \u00e0 chaque niveau&nbsp;: classes d\u00e9couverte, semaine sportive, initiation musicale, initiation sportive, semaine nature, semaine culturelle \u2026<br><br>&#8211; D\u00e9velopper la correspondance scolaire (parler de sa r\u00e9alit\u00e9, conna\u00eetre le v\u00e9cu d\u2019autres dans d\u2019autres r\u00e9gions, pays).<br><br>&#8211; Mise en place d\u2019un partenariat avec l\u2019universit\u00e9 (projets scientifiques, tutorat\u2026).<br><br>&#8211; Redonner du sens aux actions de la ville&nbsp;; distribution des fourniture scolaires, livres offerts par la municipalit\u00e9, d\u00eener des laur\u00e9ats \u2026<br><br>&#8211; F\u00e9d\u00e9rer les \u00e9coles de la ville par des \u00e9v\u00e8nements particuliers (carnaval, rencontres sportives, culturelles\u2026).<\/td><\/tr><tr><td class=\"has-text-align-center\" data-align=\"center\"><strong>Les familles<\/strong><\/td><td class=\"has-text-align-center\" data-align=\"center\">&#8211; Aider les familles \u00e0 r\u00e9investir l\u2019\u00e9cole.<br><br>&#8211; Combattre la fracture num\u00e9rique.<br><br>&#8211; Sortir les familles de l\u2019isolement.<br><br>&#8211; R\u00e9tablir l\u2019estime de soi, revaloriser l\u2019image des parents.<br><br>&#8211; Aide \u00e0 la parentalit\u00e9.<br><br>&#8211; Combattre les conduites \u00e0 risque de certains enfants et adolescents.<\/td><td class=\"has-text-align-center\" data-align=\"center\">&#8211; Proposer une \u00ab&nbsp;formation des parents d\u2019\u00e9l\u00e8ves&nbsp;\u00bb sur leur r\u00f4le et leurs droits.<br><br>&#8211; Les aider \u00e0 comprendre les \u00ab&nbsp;attendus&nbsp;\u00bb de l\u2019\u00e9cole en partenariat avec les \u00e9quipes p\u00e9dagogiques.<br><br>&#8211; Aider \u00e0 l\u2019apprentissage du fran\u00e7ais pour les parents non-francophones.<br><br>&#8211; Organiser des moments avec interpr\u00e8tes lorsque n\u00e9cessaire.<br><br>&#8211; Faire intervenir les parents au sein des \u00e9tablissements pour parler de leur m\u00e9tier, culture.<br>-r\u00e9tablir un guichet d\u2019accueil pour toutes les d\u00e9marches administratives<br>-mettre en place une initiation dans le domaine num\u00e9rique<br>-mettre \u00e0 disposition du mat\u00e9riel informatique pour les plus d\u00e9munis<br>-cr\u00e9ation d\u2019un lieu d\u00e9di\u00e9 \u00e0 la parentalit\u00e9 avec professionnels et ateliers sur des th\u00e9matiques (usage des \u00e9crans, sommeil, hygi\u00e8ne de vie.)<br>-d\u00e9velopper l\u2019accueil des tous petits non scolaris\u00e9s avec leurs parents<br>-Mettre en place des partenariats avec la PMI<br>&#8211; D\u00e9velopper le lien interg\u00e9n\u00e9rationnel (projets avec le PAI, association de personnes \u00e2g\u00e9es&#8230;)<\/td><\/tr><tr><td class=\"has-text-align-center\" data-align=\"center\"><strong>Pr\u00e9vention, sport et sant\u00e9<\/strong><\/td><td class=\"has-text-align-center\" data-align=\"center\">&#8211; D\u00e9velopper le vivre ensemble.<br><br>&#8211; Etre bien dans son corps et dans sa t\u00eate.<br><br>&#8211; Prot\u00e9ger et d\u00e9velopper son estime de soi, son autonomie.<\/td><td class=\"has-text-align-center\" data-align=\"center\">&#8211; Soutenir les clubs sportifs.<br><br>&#8211; Faciliter leur acc\u00e8s aux enfants et jeunes.<br><br>&#8211; Mettre en place une convention avec l\u2019universit\u00e9 pour pouvoir utiliser les installations sportives mais aussi d\u00e9velopper des partenariats avec des \u00e9tudiants volontaires.<br> <br>&#8211; Mise en place d\u2019initiations sportives \u00e0 l\u2019\u00e9cole par des clubs volontaires de la ville.<br><br>-Politique volontariste pour am\u00e9liorer l\u2019acc\u00e8s aux soins&nbsp;: m\u00e9decins, psychologues, orthophonistes, ergoth\u00e9rapeutes\u2026.<br><br>&#8211; Intervention dans les classes aupr\u00e8s des \u00e9l\u00e8ves pour faire de la pr\u00e9vention dans le domaine de la sant\u00e9.<br> <br>&#8211; Cr\u00e9er un lieu pour les ados avec des professionnels pour les accueillir (animateurs, \u00e9ducateurs \u2026).<br><br>&#8211; R\u00e9activation du PRE avec prises en charges adapt\u00e9es.<br><br>-Mise en place d\u2019ateliers de pr\u00e9vention en partenariat avec les \u00e9coles, coll\u00e8ges, lyc\u00e9es par des associations, professionnels, PAPS (respect de son corps, harc\u00e8lement, prostitution, violence \u2026).<br><br>&#8211; D\u00e9velopper l\u2019\u00e9change d\u2019exp\u00e9riences entre les jeunes adultes qui ont \u00e9tudi\u00e9 \u00e0 Villetaneuse et les coll\u00e9giens et lyc\u00e9ens.<\/td><\/tr><tr><td class=\"has-text-align-center\" data-align=\"center\"><strong>Culture et citoyennet\u00e9<\/strong><\/td><td class=\"has-text-align-center\" data-align=\"center\">&#8211; Ouvrir des horizons.<br><br>&#8211; Donner une voix.<br><br>&#8211; Aider nos enfants \u00e0 devenir les citoyens de demain.<\/td><td class=\"has-text-align-center\" data-align=\"center\">&#8211; D\u00e9velopper l\u2019acc\u00e8s \u00e0 la culture&nbsp;: en d\u00e9veloppant les actions du CICA, les \u00e9v\u00e8nements culturels sur le territoire, les sorties culturelles, r\u00e9sidences d\u2019artistes \u2026<br><br>&#8211; Retour du cin\u00e9-club (ouverture sur le monde et la culture).<br><br>&#8211; Soutenir des projets artistiques <br>-mise en place de s\u00e9jours citoyens, \u00e9changes europ\u00e9ens, remise en place des chantiers internationaux.<br><br>&#8211; Accueil de jeunes venant d\u2019autres pays (jumelage, coop\u00e9ration \u2026).<br><br>&#8211; Mise en place d\u2019un conseil des \u00e9l\u00e8ves sur la ville en partenariat avec les \u00e9coles.<br> <br>&#8211; R\u00e9activation du conseil des jeunes.<br> <br>&#8211; Faciliter la visite des lieux de d\u00e9cision tels que la mairie, le conseil d\u00e9partemental, l\u2019assembl\u00e9e nationale, le s\u00e9nat.<br><br>&#8211; Explorer le pass\u00e9 et les ressources de la ville.<\/td><\/tr><tr><td class=\"has-text-align-center\" data-align=\"center\"><strong>Loisirs et mobilit\u00e9<\/strong><\/td><td class=\"has-text-align-center\" data-align=\"center\">&#8211; Apprendre par le jeu (rem\u00e9diation, socialisation, coop\u00e9ration\u2026).<br><br>&#8211; Apprendre par l\u2019exp\u00e9rience et les rencontres.<br><br>&#8211; Vivre des exp\u00e9riences enrichissantes.<\/td><td class=\"has-text-align-center\" data-align=\"center\">&#8211; Cr\u00e9er une ludoth\u00e8que.<br><br>&#8211; Organiser une f\u00eate du jeu sur la ville chaque ann\u00e9e (avec th\u00e9matiques diff\u00e9rentes par ex :  jeux math\u00e9matiques \u2026).<br><br>&#8211; Cr\u00e9er des vacances familles.<br><br>&#8211; Revoir l\u2019accueil des enfants dans le domaine p\u00e9riscolaire&nbsp;: en renfor\u00e7ant le projet \u00e9ducatif, en renfor\u00e7ant la formation des animateurs, le suivi par les encadrants.<br><br>&#8211; D\u00e9velopper les s\u00e9jours longs pour les adolescents.<br><br>&#8211; Cr\u00e9er une f\u00eate des vacances&nbsp;: pr\u00e9sentation de ce qui a \u00e9t\u00e9 r\u00e9alis\u00e9, reportages, expositions pour faire partager ses exp\u00e9riences. <\/td><\/tr><\/tbody><\/table><\/figure>\n\n\n\n<div class=\"wp-block-buttons is-content-justification-center is-layout-flex wp-container-core-buttons-is-layout-a89b3969 wp-block-buttons-is-layout-flex\">\n<div class=\"wp-block-button\"><a class=\"wp-block-button__link wp-element-button\" href=\"https:\/\/notrevilletaneuse.fr\/wp-content\/uploads\/2026\/02\/PEdT-revivifie-.pdf\">T\u00e9l\u00e9charger l&#8217;annexe &#8220;Vers un PEdT revivifi\u00e9&#8221; en pdf<\/a><\/div>\n<\/div>\n","protected":false},"excerpt":{"rendered":"<p>Vers un PEdT(Projet Educatif Territorial) revivifi\u00e9 : Propositions pour un territoire \u00e9ducatif coh\u00e9rent et une citoyennet\u00e9 partag\u00e9e. Th\u00e9matiques Objectifs&nbsp;&nbsp; Dispositifs [&hellip;]<\/p>\n","protected":false},"author":1,"featured_media":0,"parent":0,"menu_order":0,"comment_status":"closed","ping_status":"closed","template":"","meta":{"_monsterinsights_skip_tracking":false,"_monsterinsights_sitenote_active":false,"_monsterinsights_sitenote_note":"","_monsterinsights_sitenote_category":0,"site-sidebar-layout":"default","site-content-layout":"","ast-site-content-layout":"default","site-content-style":"default","site-sidebar-style":"default","ast-global-header-display":"","ast-banner-title-visibility":"","ast-main-header-display":"","ast-hfb-above-header-display":"","ast-hfb-below-header-display":"","ast-hfb-mobile-header-display":"","site-post-title":"disabled","ast-breadcrumbs-content":"","ast-featured-img":"","footer-sml-layout":"","ast-disable-related-posts":"","theme-transparent-header-meta":"","adv-header-id-meta":"","stick-header-meta":"","header-above-stick-meta":"","header-main-stick-meta":"","header-below-stick-meta":"","astra-migrate-meta-layouts":"default","ast-page-background-enabled":"default","ast-page-background-meta":{"desktop":{"background-color":"var(--ast-global-color-5)","background-image":"","background-repeat":"repeat","background-position":"center center","background-size":"auto","background-attachment":"scroll","background-type":"","background-media":"","overlay-type":"","overlay-color":"","overlay-opacity":"","overlay-gradient":""},"tablet":{"background-color":"","background-image":"","background-repeat":"repeat","background-position":"center center","background-size":"auto","background-attachment":"scroll","background-type":"","background-media":"","overlay-type":"","overlay-color":"","overlay-opacity":"","overlay-gradient":""},"mobile":{"background-color":"","background-image":"","background-repeat":"repeat","background-position":"center center","background-size":"auto","background-attachment":"scroll","background-type":"","background-media":"","overlay-type":"","overlay-color":"","overlay-opacity":"","overlay-gradient":""}},"ast-content-background-meta":{"desktop":{"background-color":"var(--ast-global-color-4)","background-image":"","background-repeat":"repeat","background-position":"center center","background-size":"auto","background-attachment":"scroll","background-type":"","background-media":"","overlay-type":"","overlay-color":"","overlay-opacity":"","overlay-gradient":""},"tablet":{"background-color":"var(--ast-global-color-4)","background-image":"","background-repeat":"repeat","background-position":"center center","background-size":"auto","background-attachment":"scroll","background-type":"","background-media":"","overlay-type":"","overlay-color":"","overlay-opacity":"","overlay-gradient":""},"mobile":{"background-color":"var(--ast-global-color-4)","background-image":"","background-repeat":"repeat","background-position":"center center","background-size":"auto","background-attachment":"scroll","background-type":"","background-media":"","overlay-type":"","overlay-color":"","overlay-opacity":"","overlay-gradient":""}},"footnotes":""},"class_list":["post-475","page","type-page","status-publish","hentry"],"_links":{"self":[{"href":"https:\/\/notrevilletaneuse.fr\/index.php\/wp-json\/wp\/v2\/pages\/475","targetHints":{"allow":["GET"]}}],"collection":[{"href":"https:\/\/notrevilletaneuse.fr\/index.php\/wp-json\/wp\/v2\/pages"}],"about":[{"href":"https:\/\/notrevilletaneuse.fr\/index.php\/wp-json\/wp\/v2\/types\/page"}],"author":[{"embeddable":true,"href":"https:\/\/notrevilletaneuse.fr\/index.php\/wp-json\/wp\/v2\/users\/1"}],"replies":[{"embeddable":true,"href":"https:\/\/notrevilletaneuse.fr\/index.php\/wp-json\/wp\/v2\/comments?post=475"}],"version-history":[{"count":16,"href":"https:\/\/notrevilletaneuse.fr\/index.php\/wp-json\/wp\/v2\/pages\/475\/revisions"}],"predecessor-version":[{"id":559,"href":"https:\/\/notrevilletaneuse.fr\/index.php\/wp-json\/wp\/v2\/pages\/475\/revisions\/559"}],"wp:attachment":[{"href":"https:\/\/notrevilletaneuse.fr\/index.php\/wp-json\/wp\/v2\/media?parent=475"}],"curies":[{"name":"wp","href":"https:\/\/api.w.org\/{rel}","templated":true}]}}