{"id":226,"date":"2026-02-11T15:58:22","date_gmt":"2026-02-11T15:58:22","guid":{"rendered":"https:\/\/notrevilletaneuse.fr\/?page_id=226"},"modified":"2026-02-16T10:04:29","modified_gmt":"2026-02-16T10:04:29","slug":"egalite-femmes-hommes","status":"publish","type":"page","link":"https:\/\/notrevilletaneuse.fr\/index.php\/egalite-femmes-hommes\/","title":{"rendered":"\u00c9galit\u00e9 Femmes\/Hommes"},"content":{"rendered":"\n<h2 class=\"wp-block-heading\"><strong>\u00c9galit\u00e9 Femmes\/Hommes<\/strong><strong><\/strong><\/h2>\n\n\n\n<p><em>\u00ab&nbsp;Un combat et des actes pour que les femmes prennent toute leur place dans la ville&nbsp;\u00bb<\/em><\/p>\n\n\n\n<p><\/p>\n\n\n\n<h2 class=\"wp-block-heading\"><strong>L&#8217;\u00e9tat des lieux : R\u00e9sum\u00e9 des probl\u00e9matiques soulev\u00e9es<\/strong><\/h2>\n\n\n\n<p>Le dernier mandat a vu se poursuivre une d\u00e9gradation de la place des femmes dans la ville et un recul des services de proximit\u00e9 essentiels :<\/p>\n\n\n\n<ul class=\"wp-block-list\">\n<li>Un sentiment d&#8217;\u00e9viction des femmes et des filles des lieux communs au profit d&#8217;un usage majoritairement masculin&nbsp;;<\/li>\n\n\n\n<li>La fermeture de la PMI Langevin, que la municipalit\u00e9 a accept\u00e9e complique l\u2019acc\u00e8s aux soins pour les jeunes parents (probl\u00e8mes de stationnement, perte de confidentialit\u00e9) et le planning familial est invisibilis\u00e9&nbsp;;<\/li>\n\n\n\n<li>Les cr\u00e8ches d\u00e9partementales sont en danger (fermeture de sections par manque de personnel) sans communication transparente, freinant le retour \u00e0 l&#8217;emploi des m\u00e8res&nbsp;;<\/li>\n\n\n\n<li>La journ\u00e9e du 8 mars est vid\u00e9e de son sens en transformant cette journ\u00e9e de lutte des droits des femmes en ateliers bien-\u00eatre, de relooking&nbsp;: \u00ab&nbsp;sois belle et tais-toi&nbsp;\u00bb&nbsp;;<\/li>\n\n\n\n<li>Les associations f\u00e9ministes de la ville ne sont pas consid\u00e9r\u00e9es \u00e0 leur juste valeur. C\u2019est un vrai parcours du combattant pour qu\u2019elles soient reconnues par la ville, et quand elles agissent, la ville tente de r\u00e9cup\u00e9rer leurs actions pour son propre compte&nbsp;;<\/li>\n\n\n\n<li>Il n\u2019y a plus aucune action de sensibilisation en direction des personnels municipaux et d\u2019action<s> <\/s>envers les usagers sur l\u2019\u00e9galit\u00e9 femmes\/hommes et sur les violences faites aux femmes&nbsp;;<\/li>\n\n\n\n<li>Absence de dispositifs visibles face \u00e0 la pr\u00e9carit\u00e9 menstruelle et manque d&#8217;accompagnement sp\u00e9cifique face aux violences faites aux femmes et aux r\u00e9seaux de prostitution de mineures&nbsp;:<\/li>\n\n\n\n<li>Les femmes sont de plus en plus exclues de l\u2019espace public et recluses chez elles&nbsp;;<\/li>\n\n\n\n<li>Le d\u00e9veloppement de la pratique sportive f\u00e9minine, outil d\u2019\u00e9panouissement et d\u2019\u00e9mancipation n\u2019est pas une priorit\u00e9 municipale, l\u2019\u00e9quipe actuelle n\u2019\u00e9tant pas mobilis\u00e9e sur le sujet.<\/li>\n<\/ul>\n\n\n\n<p><\/p>\n\n\n\n<h2 class=\"wp-block-heading\"><strong>Nos Orientations Politiques<\/strong><\/h2>\n\n\n\n<p>Nous affirmons que l&#8217;\u00e9galit\u00e9 r\u00e9elle n&#8217;est pas une option, mais le socle d&#8217;une ville juste.<\/p>\n\n\n\n<p>Notre principe est clair : la Ville doit redevenir un espace protecteur et \u00e9mancipateur pour toutes comme pour tous.<\/p>\n\n\n\n<p>Nous passerons d&#8217;une politique d&#8217;affichage \u00e0 une politique de droits, en agissant sur la formation des agents et en d\u00e9veloppant la formation et l&#8217;acc\u00e8s aux services publics pour agir sur la s\u00e9curit\u00e9 des mineures et l&#8217;autonomie financi\u00e8re et sociale des femmes.<\/p>\n\n\n\n<p>Nous porterons au niveau national la lutte pour l\u2019\u00e9galit\u00e9 femmes\/hommes&nbsp;notamment en mati\u00e8re d\u2019\u00e9galit\u00e9 salariale, d\u2019acc\u00e8s au travail, de reconnaissance des qualifications et d\u2019un v\u00e9ritable plan de d\u00e9veloppement de modes d\u2019accueil du tout petit.<\/p>\n\n\n\n<p><\/p>\n\n\n\n<h2 class=\"wp-block-heading\"><strong>Les propositions en cours de discussion relevant du seul pouvoir de d\u00e9cision de la commune<\/strong><\/h2>\n\n\n\n<details class=\"wp-block-details is-layout-flow wp-block-details-is-layout-flow\"><summary><strong>Gouvernance et moyens d&#8217;action :<\/strong><\/summary>\n<ul class=\"wp-block-list\">\n<li>Institution d&#8217;une d\u00e9l\u00e9gation sp\u00e9cifique \u00e0 l&#8217;\u00c9galit\u00e9 Femmes\/Hommes.<\/li>\n\n\n\n<li>Partenariat avec l\u2019Universit\u00e9 Paris 13 pour former les agents municipaux \u00e0 la d\u00e9tection du sexisme, des violences et aux enjeux juridiques.<\/li>\n\n\n\n<li>\u00c9dition et diffusion massive de guides\/flyers recensant les contacts d&#8217;urgence et les associations sp\u00e9cialis\u00e9es dans tous les accueils municipaux.<\/li>\n\n\n\n<li>Faire de la journ\u00e9e du 8 mars, journ\u00e9e internationale des femmes, un moment phare de prise de conscience.<\/li>\n<\/ul>\n<\/details>\n\n\n\n<details class=\"wp-block-details is-layout-flow wp-block-details-is-layout-flow\"><summary><strong>Sant\u00e9, Travail et Solidarit\u00e9s&nbsp;:<\/strong> <\/summary>\n<ul class=\"wp-block-list\">\n<li>Mise en place de distributeurs de protections menstruelles pour les agentes et \u00e9tude de la mise en place d\u2019un cong\u00e9 menstruel (notamment en cas d\u2019endom\u00e9triose).<\/li>\n\n\n\n<li>Int\u00e9gration d&#8217;un volet sp\u00e9cifique <s>\u00e0<\/s> sur la prostitution des mineures en lien avec les acteurs de l&#8217;\u00e9ducation et de la s\u00e9curit\u00e9 au sein du Contrat Local de S\u00e9curit\u00e9 et de Pr\u00e9vention de la D\u00e9linquance (CLSPD).<\/li>\n\n\n\n<li>Cr\u00e9ation d\u2019un planning familial \u00e0 destination des habitantes et \u00e9tudiantes au sein de la nouvelle maison de sant\u00e9.<\/li>\n\n\n\n<li>Faciliter la participation des femmes \u00e0 la vie locale (r\u00e9unions, loisirs, sports, &#8230;) par la mise en place coordonn\u00e9e de moyens de garde \u00e9ph\u00e9m\u00e8res notamment en direction des familles monoparentales.<\/li>\n\n\n\n<li>Une attention particuli\u00e9\u00e8re sera port\u00e9e pour l\u2019accompagnement \u00e0 l\u2019acc\u00e8s \u00e0 la formation et \u00e0 l\u2019emploi des femmes, en ne les cantonnant pas \u00e0 des m\u00e9tiers dits f\u00e9minins.<\/li>\n\n\n\n<li>Nous conforterons les dispositifs \u201cun toit pour elle\u201d, \u201cAngela\u201d.<\/li>\n<\/ul>\n\n\n\n<p><\/p>\n<\/details>\n\n\n\n<details class=\"wp-block-details is-layout-flow wp-block-details-is-layout-flow\"><summary><strong>Espace public et Sport&nbsp;:<\/strong><\/summary>\n<ul class=\"wp-block-list\">\n<li>R\u00e9flexion sur la mixit\u00e9 des cours d&#8217;\u00e9coles et de l&#8217;espace public pour que les filles y retrouvent leur place.<\/li>\n\n\n\n<li>Aide financi\u00e8re suppl\u00e9mentaire conditionn\u00e9e aux associations sportives et programmes &#8220;d\u00e9couverte&#8221; pour encourager la pratique sportive des filles.<\/li>\n\n\n\n<li>Veiller \u00e0 f\u00e9miniser toutes les nouvelles appellations de rues, \u00e9quipements publics<\/li>\n\n\n\n<li>Cr\u00e9ation d&#8217;un tiers-lieu pens\u00e9 pour et avec les femmes (espace caf\u00e9\/rencontres), accueillant des associations d&#8217;aide et des \u00ab&nbsp;femmes inspirantes&nbsp;\u00bb. Une r\u00e9flexion sera men\u00e9e sur l\u2019opportunit\u00e9 d\u2019un lieu sp\u00e9cifique ou de l\u2019inscription de ces actions au sein de la maison de la citoyennet\u00e9.<\/li>\n<\/ul>\n<\/details>\n\n\n\n<p><\/p>\n\n\n\n<h2 class=\"wp-block-heading\"><strong>Les propositions en cours de discussion relevant du pouvoir d\u2019intervention de la Ville via Plaine Commune<\/strong><\/h2>\n\n\n\n<ul class=\"wp-block-list\">\n<li>Petite enfance : N\u00e9gocier la cr\u00e9ation d\u2019une Maison d&#8217;Assistantes Maternelles (MAM) en partenariat avec l\u2019Universit\u00e9 pour les \u00e9tudiant.e.s, personnels et habitant.e.s.<\/li>\n\n\n\n<li>S\u00e9curit\u00e9 des parcours : Am\u00e9lioration de l&#8217;\u00e9clairage et de l&#8217;am\u00e9nagement des cheminements intercommunaux pour s\u00e9curiser les d\u00e9placements nocturnes.<\/li>\n\n\n\n<li>Accompagnement sp\u00e9cifique des femmes vers la formation professionnelle pour favoriser leur autonomie financi\u00e8re.<\/li>\n<\/ul>\n\n\n\n<p><\/p>\n\n\n\n<h2 class=\"wp-block-heading\"><strong>Les propositions relevant du devoir d\u2019intervention de la Ville aupr\u00e8s d\u2019autres institutions&nbsp;<\/strong><\/h2>\n\n\n\n<ul class=\"wp-block-list\">\n<li>Agir aupr\u00e8s du D\u00e9partement pour exiger le maintien des effectifs en cr\u00e8che et le r\u00e9tablissement de services de PMI accessibles et dignes au plus pr\u00e8s des habitants.<\/li>\n\n\n\n<li>Partenariat Universitaire : recr\u00e9er le lien avec Paris 13 pour en faire un p\u00f4le de ressources juridiques et sociales sur l&#8217;\u00e9galit\u00e9.<\/li>\n\n\n\n<li>Travailler \u00e0 un partenariat renforc\u00e9 avec la maison des femmes \u00e0 Saint-Denis.<\/li>\n\n\n\n<li>Initier avec le d\u00e9partement des ateliers de sensibilisation contre les violences faites aux femmes en renfor\u00e7ant les relations avec l\u2019observatoire d\u00e9partemental des violences faites aux femmes.<\/li>\n<\/ul>\n\n\n\n<p><\/p>\n\n\n\n<h2 class=\"wp-block-heading\"><strong>Autres questions \u00e0 d\u00e9velopper dans la suite du travail&nbsp;<\/strong><\/h2>\n\n\n\n<ul class=\"wp-block-list\">\n<li>R\u00e9flexion autour de la commande publique : Comment favoriser les entreprises qui respectent l&#8217;\u00e9galit\u00e9 professionnelle dans les march\u00e9s de la ville ?<\/li>\n\n\n\n<li>Assises de l&#8217;\u00c9galit\u00e9 : r\u00e9flexion autour d&#8217;un temps fort annuel pour d\u00e9finir et suivre des indicateurs de progr\u00e8s avec les habitants.<\/li>\n<\/ul>\n\n\n\n<p><\/p>\n\n\n\n<div style=\"height:33px\" aria-hidden=\"true\" class=\"wp-block-spacer\"><\/div>\n\n\n\n<figure class=\"wp-block-image aligncenter size-large\"><img loading=\"lazy\" decoding=\"async\" width=\"725\" height=\"1024\" src=\"https:\/\/notrevilletaneuse.fr\/wp-content\/uploads\/2026\/02\/thema-egalite-femmes-hommes_page-0001-725x1024.jpg\" alt=\"\" class=\"wp-image-533\" srcset=\"https:\/\/notrevilletaneuse.fr\/wp-content\/uploads\/2026\/02\/thema-egalite-femmes-hommes_page-0001-725x1024.jpg 725w, https:\/\/notrevilletaneuse.fr\/wp-content\/uploads\/2026\/02\/thema-egalite-femmes-hommes_page-0001-212x300.jpg 212w, https:\/\/notrevilletaneuse.fr\/wp-content\/uploads\/2026\/02\/thema-egalite-femmes-hommes_page-0001-768x1085.jpg 768w, https:\/\/notrevilletaneuse.fr\/wp-content\/uploads\/2026\/02\/thema-egalite-femmes-hommes_page-0001-1087x1536.jpg 1087w, https:\/\/notrevilletaneuse.fr\/wp-content\/uploads\/2026\/02\/thema-egalite-femmes-hommes_page-0001.jpg 1241w\" sizes=\"auto, (max-width: 725px) 100vw, 725px\" \/><\/figure>\n\n\n\n<div class=\"wp-block-buttons is-content-justification-center is-layout-flex wp-container-core-buttons-is-layout-a89b3969 wp-block-buttons-is-layout-flex\">\n<div class=\"wp-block-button\"><a class=\"wp-block-button__link wp-element-button\" href=\"https:\/\/notrevilletaneuse.fr\/wp-content\/uploads\/2026\/02\/thema-egalite-femmes-hommes.pdf\"><strong>T\u00e9l\u00e9charger la version livret (PDF)<\/strong><\/a><\/div>\n<\/div>\n","protected":false},"excerpt":{"rendered":"<p>\u00c9galit\u00e9 Femmes\/Hommes \u00ab&nbsp;Un combat et des actes pour que les femmes prennent toute leur place dans la ville&nbsp;\u00bb L&#8217;\u00e9tat des [&hellip;]<\/p>\n","protected":false},"author":1,"featured_media":0,"parent":0,"menu_order":0,"comment_status":"closed","ping_status":"closed","template":"","meta":{"_monsterinsights_skip_tracking":false,"_monsterinsights_sitenote_active":false,"_monsterinsights_sitenote_note":"","_monsterinsights_sitenote_category":0,"site-sidebar-layout":"default","site-content-layout":"","ast-site-content-layout":"default","site-content-style":"default","site-sidebar-style":"default","ast-global-header-display":"","ast-banner-title-visibility":"","ast-main-header-display":"","ast-hfb-above-header-display":"","ast-hfb-below-header-display":"","ast-hfb-mobile-header-display":"","site-post-title":"disabled","ast-breadcrumbs-content":"","ast-featured-img":"","footer-sml-layout":"","ast-disable-related-posts":"","theme-transparent-header-meta":"","adv-header-id-meta":"","stick-header-meta":"","header-above-stick-meta":"","header-main-stick-meta":"","header-below-stick-meta":"","astra-migrate-meta-layouts":"default","ast-page-background-enabled":"default","ast-page-background-meta":{"desktop":{"background-color":"var(--ast-global-color-5)","background-image":"","background-repeat":"repeat","background-position":"center center","background-size":"auto","background-attachment":"scroll","background-type":"","background-media":"","overlay-type":"","overlay-color":"","overlay-opacity":"","overlay-gradient":""},"tablet":{"background-color":"","background-image":"","background-repeat":"repeat","background-position":"center center","background-size":"auto","background-attachment":"scroll","background-type":"","background-media":"","overlay-type":"","overlay-color":"","overlay-opacity":"","overlay-gradient":""},"mobile":{"background-color":"","background-image":"","background-repeat":"repeat","background-position":"center center","background-size":"auto","background-attachment":"scroll","background-type":"","background-media":"","overlay-type":"","overlay-color":"","overlay-opacity":"","overlay-gradient":""}},"ast-content-background-meta":{"desktop":{"background-color":"var(--ast-global-color-4)","background-image":"","background-repeat":"repeat","background-position":"center center","background-size":"auto","background-attachment":"scroll","background-type":"","background-media":"","overlay-type":"","overlay-color":"","overlay-opacity":"","overlay-gradient":""},"tablet":{"background-color":"var(--ast-global-color-4)","background-image":"","background-repeat":"repeat","background-position":"center center","background-size":"auto","background-attachment":"scroll","background-type":"","background-media":"","overlay-type":"","overlay-color":"","overlay-opacity":"","overlay-gradient":""},"mobile":{"background-color":"var(--ast-global-color-4)","background-image":"","background-repeat":"repeat","background-position":"center center","background-size":"auto","background-attachment":"scroll","background-type":"","background-media":"","overlay-type":"","overlay-color":"","overlay-opacity":"","overlay-gradient":""}},"footnotes":""},"class_list":["post-226","page","type-page","status-publish","hentry"],"_links":{"self":[{"href":"https:\/\/notrevilletaneuse.fr\/index.php\/wp-json\/wp\/v2\/pages\/226","targetHints":{"allow":["GET"]}}],"collection":[{"href":"https:\/\/notrevilletaneuse.fr\/index.php\/wp-json\/wp\/v2\/pages"}],"about":[{"href":"https:\/\/notrevilletaneuse.fr\/index.php\/wp-json\/wp\/v2\/types\/page"}],"author":[{"embeddable":true,"href":"https:\/\/notrevilletaneuse.fr\/index.php\/wp-json\/wp\/v2\/users\/1"}],"replies":[{"embeddable":true,"href":"https:\/\/notrevilletaneuse.fr\/index.php\/wp-json\/wp\/v2\/comments?post=226"}],"version-history":[{"count":3,"href":"https:\/\/notrevilletaneuse.fr\/index.php\/wp-json\/wp\/v2\/pages\/226\/revisions"}],"predecessor-version":[{"id":535,"href":"https:\/\/notrevilletaneuse.fr\/index.php\/wp-json\/wp\/v2\/pages\/226\/revisions\/535"}],"wp:attachment":[{"href":"https:\/\/notrevilletaneuse.fr\/index.php\/wp-json\/wp\/v2\/media?parent=226"}],"curies":[{"name":"wp","href":"https:\/\/api.w.org\/{rel}","templated":true}]}}