{"id":218,"date":"2026-02-11T15:55:38","date_gmt":"2026-02-11T15:55:38","guid":{"rendered":"https:\/\/notrevilletaneuse.fr\/?page_id=218"},"modified":"2026-02-25T10:00:05","modified_gmt":"2026-02-25T10:00:05","slug":"ville-ecologique","status":"publish","type":"page","link":"https:\/\/notrevilletaneuse.fr\/index.php\/ville-ecologique\/","title":{"rendered":"Ville \u00e9cologique"},"content":{"rendered":"\n<h2 class=\"wp-block-heading\"><strong>Ville \u00e9cologique<\/strong><\/h2>\n\n\n\n<p><em>Faire de l\u2019\u00e9cologie sociale la ligne de conduite des politiques publiques<\/em><\/p>\n\n\n\n<p><\/p>\n\n\n\n<p><strong>Nous aimons notre ville, la soigner, l\u2019entretenir, l\u2019embellir, la prot\u00e9ger, c\u2019est travailler l\u2019estime et la confiance de chacune et chacun de ses habitants.<\/strong><\/p>\n\n\n\n<p><\/p>\n\n\n\n<h2 class=\"wp-block-heading\"><strong>L&#8217;\u00e9tat des lieux : R\u00e9sum\u00e9 des probl\u00e9matiques soulev\u00e9es<\/strong><\/h2>\n\n\n\n<p>Le r\u00e9chauffement climatique, les enjeux environnementaux sont un enjeu majeur qui engage l\u2019avenir de notre plan\u00e8te. La ville doit prendre \u00e0 bras le corps cet enjeu plan\u00e9taire illustr\u00e9 localement par les probl\u00e9matiques suivantes&nbsp;:<\/p>\n\n\n\n<ul class=\"wp-block-list\">\n<li>Les Jardins ouvriers sont en danger&nbsp;: menace de hausse de 25% par an de grand paris Am\u00e9nagement rendant insoutenable le loyer pour les occupants&nbsp;;<\/li>\n\n\n\n<li>Nature en ville, peu de moyens d\u00e9ploy\u00e9s&nbsp;: service espaces verts Plaine commune inexistant, utilisation des serres n\u00e9glig\u00e9e, entretien des espaces et arrachage d\u2019arbres non compens\u00e9s par des r\u00e9implantations&nbsp;;<\/li>\n\n\n\n<li>La gestion de l\u2019eau non publique, l\u2019\u00e9clairage public \u00e9nergivore&nbsp;;<\/li>\n\n\n\n<li>La gestion des ordures m\u00e9nag\u00e8res, encombrants, d\u00e9chets verts, d\u00e9ch\u00e8teries particuli\u00e8rement sans actions de sensibilisation&nbsp;;<\/li>\n\n\n\n<li>Le prolongement du T11 non programm\u00e9&nbsp;;<\/li>\n\n\n\n<li>Pas de communication sur le plan v\u00e9lo, ni de politiques incitatives, accessibles \u00e0 tous&nbsp;<\/li>\n\n\n\n<li>Aucune lisibilit\u00e9 de l\u2019usage des parcs&nbsp;: la Butte Pinson, la friche universitaire, les espaces de proximit\u00e9&nbsp;;<\/li>\n\n\n\n<li>&nbsp;Pas d\u2019acc\u00e8s pour tous \u00e0 une \u00e9nergie vertueuse&nbsp;: la g\u00e9othermie n\u2019est pas accessible au nord de la ville alors qu\u2019elle dessert des territoires hors Villetaneuse (pour qui&nbsp;?)&nbsp;;<\/li>\n\n\n\n<li>Pr\u00e9vention sur les risques naturels (sols et sous-sols avec le r\u00e9chauffement climatique)&nbsp;<strong>: <\/strong>aucune information, ni de politique de pr\u00e9vention&nbsp;;<\/li>\n\n\n\n<li>Pollution visuelle, sonore et magn\u00e9tique&nbsp;: aucune action.<\/li>\n<\/ul>\n\n\n\n<p><\/p>\n\n\n\n<h2 class=\"wp-block-heading\"><strong>Nos Orientations Politiques<\/strong><\/h2>\n\n\n\n<p>Faire que l&#8217;\u00e9cologie soit un levier de progr\u00e8s social en travaillant sur six axes majeurs :<\/p>\n\n\n\n<ul class=\"wp-block-list\">\n<li>Cr\u00e9ation d\u2019un budget vert et d\u2019une commission d\u2019\u00e9cologie sociale et solidaire charg\u00e9e de passer toutes les d\u00e9penses publiques \u00e0 l\u2019aune de leur impact environnemental et social&nbsp;;<\/li>\n\n\n\n<li>Interventions \u00e9ducatives et ateliers de mise en pratique&nbsp;;<\/li>\n\n\n\n<li>Travail partenarial avec les associations locales&nbsp;;<\/li>\n\n\n\n<li>L\u2019universit\u00e9 comme laboratoire gr\u00e2ce \u00e0 l&#8217;expertise des chercheurs pour faire b\u00e9n\u00e9ficier notre ville, d\u2019innovations \u00e9cologique (\u00e9nergies, biodiversit\u00e9\u2026) ; <\/li>\n\n\n\n<li>D\u00e9velopper une \u00e9conomie circulaire ; <\/li>\n\n\n\n<li>R\u00e9appropriation de l\u2019espace public dans une d\u00e9marche participative et concert\u00e9e.<\/li>\n<\/ul>\n\n\n\n<p><\/p>\n\n\n\n<h2 class=\"wp-block-heading\"><strong>Les propositions en cours de discussion relevant du seul pouvoir de d\u00e9cision de la commune<\/strong><\/h2>\n\n\n\n<p>Ces pistes d&#8217;action sont actuellement d\u00e9battues par le groupe de travail pour mettre en \u0153uvre les orientations ci-dessus ; elles ne constituent pas encore des d\u00e9cisions d\u00e9finitives. La participation du plus grand nombre est souhait\u00e9e pour ent\u00e9riner certaines d\u00e9cisions.<\/p>\n\n\n\n<details class=\"wp-block-details is-layout-flow wp-block-details-is-layout-flow\"><summary><strong>En mati\u00e8re d\u2019\u00e9quipements publics municipaux et de pratiques&nbsp;:<\/strong><\/summary>\n<ul class=\"wp-block-list\">\n<li>Clauses vertes sur chaque march\u00e9 public<\/li>\n\n\n\n<li>Mise en place d\u2019un plan sobri\u00e9t\u00e9&nbsp;: bilan carbone sur l\u2019ensemble du patrimoine communal, l\u2019utilisation des v\u00e9hicules (nombre et v\u00e9hicules propres), cours oasis, v\u00e9g\u00e9talisation des b\u00e2timents et travailler \u00e0 un plan pluriannuel d\u2019investissement.<\/li>\n\n\n\n<li>R\u00e9duire les passoires thermiques des logements et mettre en place des ilots de fraicheur.<\/li>\n\n\n\n<li>Lutte contre la pollution sonore&nbsp;: contr\u00f4lerle respect le couloir de navigation a\u00e9rienne.<\/li>\n\n\n\n<li>R\u00e9duire l\u2019acc\u00e8s des camions dans l\u2019axe principal de la ville.<\/li>\n\n\n\n<li>Pour chaque arbre abattu, 2 arbres replant\u00e9s en privil\u00e9giant des esp\u00e8ces non allerg\u00e8nes.<\/li>\n\n\n\n<li>\u00c9tude sur l\u2019implantation de nouveaux ruchers.<\/li>\n\n\n\n<li>\u00c9tude sur la faisabilit\u00e9 d\u2019un chantier solidaire sur la r\u00e9habilitation du \u00ab&nbsp;Ch\u00eane Vert&nbsp;\u00bb en vue de sa r\u00e9ouverture sur la base d\u2019un projet participatif \u00e0 construire en lien avec les acteurs locaux.<\/li>\n\n\n\n<li>Les ressources d\u2019insertion locales et associatives&nbsp;: \u00e9tude sur la mise en place d\u2019une \u00e9picerie solidaire, fabrication de lessives, savons, atelier couture.<\/li>\n<\/ul>\n\n\n\n<p><\/p>\n<\/details>\n\n\n\n<details class=\"wp-block-details is-layout-flow wp-block-details-is-layout-flow\"><summary><strong>En mati\u00e8re d\u2019alimentation&nbsp;:<\/strong><\/summary>\n<ul class=\"wp-block-list\">\n<li>Luttercontre la mal bouffeen \u00e9tant exemplaire dans toutes nos manifestations municipales en direction du public (\u00e9viter les sodas, les sucreries, produits transform\u00e9s et privil\u00e9gier les produits de l\u2019agriculture raisonn\u00e9e).<\/li>\n\n\n\n<li>Travail autour de l\u2019art culinaire avec une di\u00e9t\u00e9ticienne dans les diff\u00e9rents lieux de la ville (m\u00e9diath\u00e8que, centre socioculturel et autres lieux qui s\u2019y pr\u00eate).<\/li>\n\n\n\n<li>Renforcer les relations avec tables communes, notamment en direction des familles en d\u00e9veloppant des actions de sensibilisation comme par exemple&nbsp;: visite de la cuisine centrale, visite des producteurs, commission \u00ab&nbsp;menus&nbsp;\u00bb avec les familles\u2026<\/li>\n\n\n\n<li>Cr\u00e9ation d\u2019un verger municipal.<\/li>\n<\/ul>\n\n\n\n<p><\/p>\n<\/details>\n\n\n\n<details class=\"wp-block-details is-layout-flow wp-block-details-is-layout-flow\"><summary><strong>En mati\u00e8re sociale&nbsp;:<\/strong><\/summary>\n<ul class=\"wp-block-list\">\n<li>Soutien \u00e0 l\u2019acquisition de v\u00e9los \u00e9lectriques et gestion de l\u2019apprentissage du v\u00e9lo avec le club cycliste.<\/li>\n\n\n\n<li>R\u00e9fl\u00e9chir \u00e0 la mise en place d\u2019un garage v\u00e9lo (pr\u00eat et r\u00e9paration).<\/li>\n\n\n\n<li>Cr\u00e9ation d\u2019un jardin potager en direction des anciens au p\u00f4le s\u00e9nior.<\/li>\n\n\n\n<li>En cas de fortes chaleurs&nbsp;: Identifier des lieux refuge fra\u00eecheur et communiquer en direction des publics les plus fragiles.<\/li>\n\n\n\n<li>Mise en place dans les quartiers de d\u00e9marches de \u00ab&nbsp;coups de propre&nbsp;\u00bb dans<s> avec<\/s> le cadre d\u2019une d\u00e9marche participative.<\/li>\n<\/ul>\n<\/details>\n\n\n\n<p><\/p>\n\n\n\n<h2 class=\"wp-block-heading\"><strong>Les propositions en cours de discussion relevant du pouvoir d\u2019intervention de la Ville via Plaine Commune<\/strong><\/h2>\n\n\n\n<ul class=\"wp-block-list\">\n<li>Comme pour les composts, agir pour la mise en place de collecteurs d\u2019eau.<\/li>\n\n\n\n<li>Agir pour l\u2019ouverture d\u2019une nouvelle ressourcerie sur Plaine commune.<\/li>\n\n\n\n<li>Mise en place d\u2019ateliers de bricolages (auto r\u00e9habilitation, mobiliers et autres mat\u00e9riels domestiques) et ateliers d\u2019auto r\u00e9paration en lien avec les structures d\u2019insertion et d\u2019\u00e9cologie solidaire ou le tissu associatif.<\/li>\n\n\n\n<li>R\u00e9colte des d\u00e9chets verts sur RV.<\/li>\n\n\n\n<li>\u2018D\u00e9ployer de nouvelles bornes \u00e9lectriques pour les v\u00e9hicules sur l\u2019espace public avec une tarification sociale.<\/li>\n\n\n\n<li>Revitaliser les serres communautaires et notamment celle de Villetaneuse.<\/li>\n\n\n\n<li>Renforcer les \u00e9quipes des espaces verts avec un plan d\u2019intervention concert\u00e9 dans chaque quartier et participatif quand c\u2019est possible (fleurissement, plantation d\u2019arbres fruitiers, herbes aromatiques, l\u00e9gumes en acc\u00e8s libre), des interventions dans les \u00e9coles pour la cr\u00e9ation de jardins potagers.<\/li>\n\n\n\n<li>Dans le cadre de l\u2019exon\u00e9ration de la taxe fonci\u00e8re des bailleurs situ\u00e9s sur les quartiers politique populaires de la ville&nbsp;: exiger des actions \u00e9cologiques&nbsp;: m\u00e9diateur vert, plantation d\u2019arbres fruitiers, d\u2019herbes aromatiques, jardins partag\u00e9s, les bons gestes pour r\u00e9duire la facture d\u2019eau et les co\u00fbts \u00e9nerg\u00e9tiques.<\/li>\n\n\n\n<li>Agir pour augmenter le nombre d\u2019agents publics de propret\u00e9, travail de pr\u00e9vention sur les nuisibles (rats, pigeons).<\/li>\n\n\n\n<li>Mener une campagne de st\u00e9rilisation des chats errants, en mettant en place une convention avec une association habilit\u00e9e protectrice de animaux.<\/li>\n\n\n\n<li>Projet participatif de cr\u00e9ation de mobilier urbain (palette, r\u00e9cup\u00e9ration, mosa\u00efque).<\/li>\n\n\n\n<li>Plantation d\u2019arbres fruitiers, de plantes aromatiques sur l\u2019espace public.<\/li>\n\n\n\n<li>Mise en place d\u2019un comit\u00e9 d\u2019axe v\u00e9los et pi\u00e9tons avec une d\u00e9clinaison villletaneusienne maillant la ville et le territoire de Plaine commune.<\/li>\n\n\n\n<li>Plan climat-air-\u00e9nergie territorial&nbsp;(PAECT)&nbsp;: mise en concordance avec les objectifs communaux aliment\u00e9e par une d\u00e9marche participative locale.<\/li>\n\n\n\n<li>Le contrat de relance et transition \u00e9cologique (CRTE) avec l\u2019\u00c9tat traitant de l\u2019ensemble des enjeux environnementaux (territoriaux, urbains, sociaux et \u00e9ducatifs) arrive \u00e0 son terme en 2027&nbsp;: initier une d\u00e9marche participative des habitants sur le territoire de Plaine Commune avec sa d\u00e9clinaison villetaneusienne.<\/li>\n<\/ul>\n\n\n\n<p><\/p>\n\n\n\n<h2 class=\"wp-block-heading\"><strong>Les propositions en cours de discussion relevant du devoir d\u2019intervention de la Ville aupr\u00e8s d\u2019autres institutions<\/strong><\/h2>\n\n\n\n<ul class=\"wp-block-list\">\n<li>Prolongement du T11 de Noisy le sec \u00e0 Sartrouville ce qui supposent une mobilisation citoyenne ; <\/li>\n\n\n\n<li>Agir pour une tarification accessible pour tous et dans un 1<sup>er<\/sup> temps pour la gratuit\u00e9 des transports en commun des publics les plus vuln\u00e9rables, les lyc\u00e9ens et \u00e9tudiants (R\u00e9gion), personnes en situation de handicap&nbsp;;<\/li>\n\n\n\n<li>Agir pour une revisite de la carte am\u00e9thyste en r\u00e9\u00e9valuant les crit\u00e8res d\u2019attribution pour les anciens (revoir les plafonds) ; <\/li>\n\n\n\n<li>Agir aupr\u00e8s des bailleurs sociaux pour un plan d\u2019isolation thermique ; <\/li>\n\n\n\n<li>Dans le cadre de la construction de nouveaux logements, travailler \u00e0 la mise en place d\u2019un mini \u00e9co quartier participatif ; <\/li>\n\n\n\n<li>\u0152uvrer pour la cr\u00e9ation d\u2019un certificat Professionnel de la Jeunesse et de l\u2019Education Populaire et du Sport ; <\/li>\n\n\n\n<li>Accompagnement des propri\u00e9taires priv\u00e9s dans la recherche de financement pour l\u2019isolation thermique, conseils techniques, voir constitution ; <\/li>\n\n\n\n<li>\u00c9tude sur centrales d\u2019achat pour l\u2019\u00e9nergie.<\/li>\n<\/ul>\n\n\n\n<p>Ces orientations visent \u00e0 d\u00e9finir le r\u00f4le de la mairie comme m\u00e9diatrice institutionnelle.<\/p>\n\n\n\n<p><\/p>\n\n\n\n<div style=\"height:28px\" aria-hidden=\"true\" class=\"wp-block-spacer\"><\/div>\n\n\n\n<figure class=\"wp-block-image aligncenter size-large\"><img loading=\"lazy\" decoding=\"async\" width=\"725\" height=\"1024\" src=\"https:\/\/notrevilletaneuse.fr\/wp-content\/uploads\/2026\/02\/Ville-ecologique_page-0001-725x1024.jpg\" alt=\"\" class=\"wp-image-546\" srcset=\"https:\/\/notrevilletaneuse.fr\/wp-content\/uploads\/2026\/02\/Ville-ecologique_page-0001-725x1024.jpg 725w, https:\/\/notrevilletaneuse.fr\/wp-content\/uploads\/2026\/02\/Ville-ecologique_page-0001-212x300.jpg 212w, https:\/\/notrevilletaneuse.fr\/wp-content\/uploads\/2026\/02\/Ville-ecologique_page-0001-768x1085.jpg 768w, https:\/\/notrevilletaneuse.fr\/wp-content\/uploads\/2026\/02\/Ville-ecologique_page-0001-1087x1536.jpg 1087w, https:\/\/notrevilletaneuse.fr\/wp-content\/uploads\/2026\/02\/Ville-ecologique_page-0001.jpg 1241w\" sizes=\"auto, (max-width: 725px) 100vw, 725px\" \/><\/figure>\n\n\n\n<div class=\"wp-block-buttons is-content-justification-center is-layout-flex wp-container-core-buttons-is-layout-a89b3969 wp-block-buttons-is-layout-flex\">\n<div class=\"wp-block-button\"><a class=\"wp-block-button__link wp-element-button\" href=\"https:\/\/notrevilletaneuse.fr\/wp-content\/uploads\/2026\/02\/Ville-ecologique.pdf\">T\u00e9l\u00e9charger la version livret (PDF)<\/a><\/div>\n<\/div>\n","protected":false},"excerpt":{"rendered":"<p>Ville \u00e9cologique Faire de l\u2019\u00e9cologie sociale la ligne de conduite des politiques publiques Nous aimons notre ville, la soigner, l\u2019entretenir, [&hellip;]<\/p>\n","protected":false},"author":1,"featured_media":0,"parent":0,"menu_order":0,"comment_status":"closed","ping_status":"closed","template":"","meta":{"_monsterinsights_skip_tracking":false,"_monsterinsights_sitenote_active":false,"_monsterinsights_sitenote_note":"","_monsterinsights_sitenote_category":0,"site-sidebar-layout":"default","site-content-layout":"","ast-site-content-layout":"default","site-content-style":"default","site-sidebar-style":"default","ast-global-header-display":"","ast-banner-title-visibility":"","ast-main-header-display":"","ast-hfb-above-header-display":"","ast-hfb-below-header-display":"","ast-hfb-mobile-header-display":"","site-post-title":"disabled","ast-breadcrumbs-content":"","ast-featured-img":"","footer-sml-layout":"","ast-disable-related-posts":"","theme-transparent-header-meta":"","adv-header-id-meta":"","stick-header-meta":"","header-above-stick-meta":"","header-main-stick-meta":"","header-below-stick-meta":"","astra-migrate-meta-layouts":"default","ast-page-background-enabled":"default","ast-page-background-meta":{"desktop":{"background-color":"var(--ast-global-color-5)","background-image":"","background-repeat":"repeat","background-position":"center center","background-size":"auto","background-attachment":"scroll","background-type":"","background-media":"","overlay-type":"","overlay-color":"","overlay-opacity":"","overlay-gradient":""},"tablet":{"background-color":"","background-image":"","background-repeat":"repeat","background-position":"center center","background-size":"auto","background-attachment":"scroll","background-type":"","background-media":"","overlay-type":"","overlay-color":"","overlay-opacity":"","overlay-gradient":""},"mobile":{"background-color":"","background-image":"","background-repeat":"repeat","background-position":"center center","background-size":"auto","background-attachment":"scroll","background-type":"","background-media":"","overlay-type":"","overlay-color":"","overlay-opacity":"","overlay-gradient":""}},"ast-content-background-meta":{"desktop":{"background-color":"var(--ast-global-color-4)","background-image":"","background-repeat":"repeat","background-position":"center center","background-size":"auto","background-attachment":"scroll","background-type":"","background-media":"","overlay-type":"","overlay-color":"","overlay-opacity":"","overlay-gradient":""},"tablet":{"background-color":"var(--ast-global-color-4)","background-image":"","background-repeat":"repeat","background-position":"center center","background-size":"auto","background-attachment":"scroll","background-type":"","background-media":"","overlay-type":"","overlay-color":"","overlay-opacity":"","overlay-gradient":""},"mobile":{"background-color":"var(--ast-global-color-4)","background-image":"","background-repeat":"repeat","background-position":"center center","background-size":"auto","background-attachment":"scroll","background-type":"","background-media":"","overlay-type":"","overlay-color":"","overlay-opacity":"","overlay-gradient":""}},"footnotes":""},"class_list":["post-218","page","type-page","status-publish","hentry"],"_links":{"self":[{"href":"https:\/\/notrevilletaneuse.fr\/index.php\/wp-json\/wp\/v2\/pages\/218","targetHints":{"allow":["GET"]}}],"collection":[{"href":"https:\/\/notrevilletaneuse.fr\/index.php\/wp-json\/wp\/v2\/pages"}],"about":[{"href":"https:\/\/notrevilletaneuse.fr\/index.php\/wp-json\/wp\/v2\/types\/page"}],"author":[{"embeddable":true,"href":"https:\/\/notrevilletaneuse.fr\/index.php\/wp-json\/wp\/v2\/users\/1"}],"replies":[{"embeddable":true,"href":"https:\/\/notrevilletaneuse.fr\/index.php\/wp-json\/wp\/v2\/comments?post=218"}],"version-history":[{"count":8,"href":"https:\/\/notrevilletaneuse.fr\/index.php\/wp-json\/wp\/v2\/pages\/218\/revisions"}],"predecessor-version":[{"id":548,"href":"https:\/\/notrevilletaneuse.fr\/index.php\/wp-json\/wp\/v2\/pages\/218\/revisions\/548"}],"wp:attachment":[{"href":"https:\/\/notrevilletaneuse.fr\/index.php\/wp-json\/wp\/v2\/media?parent=218"}],"curies":[{"name":"wp","href":"https:\/\/api.w.org\/{rel}","templated":true}]}}