{"id":216,"date":"2026-02-11T15:55:15","date_gmt":"2026-02-11T15:55:15","guid":{"rendered":"https:\/\/notrevilletaneuse.fr\/?page_id=216"},"modified":"2026-02-16T10:09:24","modified_gmt":"2026-02-16T10:09:24","slug":"economie-et-insertion","status":"publish","type":"page","link":"https:\/\/notrevilletaneuse.fr\/index.php\/economie-et-insertion\/","title":{"rendered":"\u00c9conomie et insertion"},"content":{"rendered":"\n<h2 class=\"wp-block-heading\"><strong>\u00c9conomie et insertion<\/strong><\/h2>\n\n\n\n<h2 class=\"wp-block-heading\"><strong>L&#8217;\u00e9tat des lieux : R\u00e9sum\u00e9 des probl\u00e9matiques soulev\u00e9es<\/strong><\/h2>\n\n\n\n<p>La zone d\u2019activit\u00e9 \u00e9conomique p\u00e9riclite depuis 6 ans. Elle ne r\u00e9pond ni aux besoins des petites structures, pouvant \u00e9merger du tissu associatif villetaneusien, ni \u00e0 l\u2019universit\u00e9 qui aujourd\u2019hui monte des projets \u00e9conomiques sur d\u2019autres territoires.<\/p>\n\n\n\n<p>L\u2019offre commerciale n\u2019est pas assez diversifi\u00e9e.<\/p>\n\n\n\n<p>Le champ de l\u2019\u00e9conomie sociale et solidaire, visant \u00e0 soutenir le d\u00e9veloppement \u00e9conomique local notamment par l\u2019insertion dans le domaine de l\u2019activit\u00e9 \u00e9conomique, ne fait pas partie des priorit\u00e9s actuelle de la municipalit\u00e9.<\/p>\n\n\n\n<p>L\u2019insertion sociale et \u00e9conomique est indissociable de l\u2019accessibilit\u00e9 aux droits des personnes confront\u00e9es \u00e0 des situations complexes. Les dispositifs existants sont segment\u00e9s et peu lisibles, les services publics et les partenaires manquants d\u2019efficacit\u00e9, ne permettant pas \u00e0 une bonne partie de ces personnes de recouvrir leurs droits.<\/p>\n\n\n\n<p>La p\u00e9rennit\u00e9 des missions locales intervenant en direction des jeunes est menac\u00e9e par un budget de l\u2019\u00c9tat divis\u00e9 par 2.<\/p>\n\n\n\n<p>Le service public de la maison de l\u2019emploi et de la formation a \u00e9t\u00e9 privatis\u00e9.<\/p>\n\n\n\n<p><\/p>\n\n\n\n<h2 class=\"wp-block-heading\"><strong>Nos Orientations Politiques :<\/strong><\/h2>\n\n\n\n<p>Avec notre programme et par notre action au quotidien nous voulons am\u00e9liorer l\u2019attractivit\u00e9 \u00e9conomique et cr\u00e9er les conditions de la diversification de l\u2019offre commerciale sur la ville.<\/p>\n\n\n\n<p>Pour y parvenir nous devrons mettre en place de nouvelles coop\u00e9rations avec les diff\u00e9rents partenaires intervenant dans ces secteurs, services publics, entreprises, associations, universit\u00e9.<\/p>\n\n\n\n<p>La ville devra r\u00e9investir ces sujets avec notamment Plaine Commune, qui aujourd\u2019hui, en assure la gestion en grande partie, par d\u00e9l\u00e9gation.<\/p>\n\n\n\n<p>Nous soutiendrons le d\u00e9veloppement de l\u2019\u00e9conomie sociale et solidaire et l\u2019acc\u00e8s aux droits des personnes car nous voulons contribuer \u00e0 favoriser l\u2019inclusion sociale et professionnelle des habitants,<s> <\/s>notamment les personnes \u00e9loign\u00e9es de l\u2019emploi.<\/p>\n\n\n\n<p>Nous b\u00e9n\u00e9ficierons de l\u2019expertise des structures de l\u2019\u00e9conomie sociale et solidaire ainsi que des diff\u00e9rentes associations du territoire intervenant sur ces sujets.<\/p>\n\n\n\n<p>Les pistes d&#8217;action qui en d\u00e9coulent ci-dessous sont actuellement d\u00e9battues par le groupe de travail ; certaines ne sont pas encore finalis\u00e9es et sont susceptibles d\u2019\u00e9voluer au vu de contributions \u00e9manant y compris de nouveaux membres. D\u2019autres peuvent na\u00eetre de futures discussions.<\/p>\n\n\n\n<p><\/p>\n\n\n\n<h2 class=\"wp-block-heading\"><strong>Les propositions en cours de discussion relevant du seul pouvoir de d\u00e9cision de la commune, leurs motivations<\/strong><\/h2>\n\n\n\n<p>Nous aiderons au d\u00e9veloppement de l\u2019\u00e9conomie sociale et solidaire (ESS), cr\u00e9atrices d\u2019emploi durable et r\u00e9pondant \u00e0 des enjeux sociaux et environnementaux avec :<\/p>\n\n\n\n<ul class=\"wp-block-list\">\n<li>L\u2019accompagnement \u00e0 la cr\u00e9ation des projets solidaires locaux tels que coop\u00e9ratives, ressourceries, chantiers d\u2019insertion ou supermarch\u00e9s collaboratifs,<\/li>\n\n\n\n<li>La mise en place de clauses sociales dans les march\u00e9s publics afin de r\u00e9server une part des emplois g\u00e9n\u00e9r\u00e9s par la commande publique aux personnes en insertion,<\/li>\n\n\n\n<li>La cr\u00e9ation d\u2019une structure ou d\u2019un p\u00f4le permettant de f\u00e9d\u00e9rer toutes les initiatives et actions rentrant dans le champ de l\u2019\u00e9conomie sociale et solidaire,<\/li>\n\n\n\n<li>La cr\u00e9ation d\u2019un espace, pouvant h\u00e9berger cette structure et les projets solidaires qui pourraient \u00eatre mis en \u0153uvre, est envisag\u00e9e (\u00e9picerie solidaire, laverie solidaire, activit\u00e9s de r\u00e9emploi, caf\u00e9 solidaire, restauration solidaire ou\/et toutes autres structures qui s\u2019y pr\u00eatent.),<\/li>\n\n\n\n<li>La cr\u00e9ation d\u2019un verger municipal permettant de d\u00e9velopper diverses activit\u00e9s autour de celui-ci.<\/li>\n<\/ul>\n\n\n\n<p><\/p>\n\n\n\n<h2 class=\"wp-block-heading\"><strong>Les propositions en cours de discussion relevant du pouvoir d\u2019intervention de la Ville via plaine commune, leurs motivations<\/strong><\/h2>\n\n\n\n<p>Nous utiliserons les outils de Plaine Commune comme la Fonci\u00e8re Commerce, pour identifier et aider \u00e0 la cr\u00e9ation de commerces essentiels non pr\u00e9sents sur la ville.<\/p>\n\n\n\n<p>Nous agirons avec Plaine Commune pour redynamiser la ZAE, pour notamment prendre en compte les besoins des petites structures, de l\u2019universit\u00e9 et de ses \u00e9tudiants et nos demandeurs d\u2019emplois.<\/p>\n\n\n\n<p>Nous m\u00e8nerons une r\u00e9flexion sur l\u2019organisation de foires solidaires pour pallier l\u2019absence de march\u00e9 (une \u00e9tude ayant montr\u00e9 que la zone de chalandise ne permettait pas l\u2019accueil d\u2019un march\u00e9).<\/p>\n\n\n\n<p>Nous contribuerons \u00e0 redynamiser l\u2019association des commer\u00e7ants, permettant ainsi aux adh\u00e9rents de mutualiser les comp\u00e9tences (\u00e9conomie possible \u00e0 la cl\u00e9 et d\u00e9monstration de l\u2019int\u00e9r\u00eat du collectif) et par la m\u00eame occasion de revivifier l\u2019activit\u00e9 \u00e9conomique de la ville.<\/p>\n\n\n\n<p>Nous militerons pour le maintien des moyens attribu\u00e9s aux missions locales.<\/p>\n\n\n\n<p><\/p>\n\n\n\n<h2 class=\"wp-block-heading\"><strong>Les propositions en cours de discussion relevant du devoir d\u2019intervention de la Ville aupr\u00e8s d\u2019autres institutions, leurs motivations<\/strong><\/h2>\n\n\n\n<p>Nous aiderons en coordination avec les institutions concern\u00e9es, les associations et structures de l\u2019\u00e9conomie sociale et solidaire qui interviennent dans l\u2019insertion professionnelle et qui :<\/p>\n\n\n\n<ul class=\"wp-block-list\">\n<li>Accompagnent les publics fragiles vers une activit\u00e9 \u00e9conomique, facilitant par exemple l&#8217;acc\u00e8s \u00e0 la formation, l\u2019orientation et le retour \u00e0 l\u2019emploi,<\/li>\n\n\n\n<li>Mettent en \u0153uvre des dispositifs innovants (chantiers solidaires, dispositif territoire z\u00e9ro ch\u00f4meur et autres),<\/li>\n\n\n\n<li>Contribuent \u00e0 g\u00e9n\u00e9rer du lien social par leurs activit\u00e9s.<\/li>\n<\/ul>\n\n\n\n<p>Nous agirons pour faciliter l\u2019accessibilit\u00e9 aux droits et aux dispositifs existants pour les personnes confront\u00e9es \u00e0 des situations complexes en \u00e9tendant les comp\u00e9tences actuelles de la MCEN. Cette structure devra avoir la capacit\u00e9 d\u2019accompagner tout demandeur et de le mettre en relation avec le service public comp\u00e9tent ou le dispositif existant si n\u00e9cessaire. Un suivi des demandeurs sera mis en place.<\/p>\n\n\n\n<p>L\u2019organisation de forums emploi locaux et l\u2019aide \u00e0 la cr\u00e9ation de guichets uniques pour l\u2019accompagnement entrepreneurial et administratif en collaboration avec les partenaires concern\u00e9s sont aussi des sujets sur lesquels nous agirons.<\/p>\n\n\n\n<p><\/p>\n\n\n\n<div style=\"height:33px\" aria-hidden=\"true\" class=\"wp-block-spacer\"><\/div>\n\n\n\n<figure class=\"wp-block-image aligncenter size-large\"><img loading=\"lazy\" decoding=\"async\" width=\"725\" height=\"1024\" src=\"https:\/\/notrevilletaneuse.fr\/wp-content\/uploads\/2026\/02\/thema-emploi-insertion_page-0001-725x1024.jpg\" alt=\"\" class=\"wp-image-538\" srcset=\"https:\/\/notrevilletaneuse.fr\/wp-content\/uploads\/2026\/02\/thema-emploi-insertion_page-0001-725x1024.jpg 725w, https:\/\/notrevilletaneuse.fr\/wp-content\/uploads\/2026\/02\/thema-emploi-insertion_page-0001-212x300.jpg 212w, https:\/\/notrevilletaneuse.fr\/wp-content\/uploads\/2026\/02\/thema-emploi-insertion_page-0001-768x1085.jpg 768w, https:\/\/notrevilletaneuse.fr\/wp-content\/uploads\/2026\/02\/thema-emploi-insertion_page-0001-1087x1536.jpg 1087w, https:\/\/notrevilletaneuse.fr\/wp-content\/uploads\/2026\/02\/thema-emploi-insertion_page-0001.jpg 1241w\" sizes=\"auto, (max-width: 725px) 100vw, 725px\" \/><\/figure>\n\n\n\n<div class=\"wp-block-buttons is-content-justification-center is-layout-flex wp-container-core-buttons-is-layout-a89b3969 wp-block-buttons-is-layout-flex\">\n<div class=\"wp-block-button\"><a class=\"wp-block-button__link wp-element-button\" href=\"https:\/\/notrevilletaneuse.fr\/wp-content\/uploads\/2026\/02\/thema-economie-emploi-insertion.pdf\">T\u00e9l\u00e9charger la version livret (PDF)<\/a><\/div>\n<\/div>\n\n\n\n<p><\/p>\n","protected":false},"excerpt":{"rendered":"<p>\u00c9conomie et insertion L&#8217;\u00e9tat des lieux : R\u00e9sum\u00e9 des probl\u00e9matiques soulev\u00e9es La zone d\u2019activit\u00e9 \u00e9conomique p\u00e9riclite depuis 6 ans. Elle [&hellip;]<\/p>\n","protected":false},"author":1,"featured_media":0,"parent":0,"menu_order":0,"comment_status":"closed","ping_status":"closed","template":"","meta":{"_monsterinsights_skip_tracking":false,"_monsterinsights_sitenote_active":false,"_monsterinsights_sitenote_note":"","_monsterinsights_sitenote_category":0,"site-sidebar-layout":"default","site-content-layout":"","ast-site-content-layout":"default","site-content-style":"default","site-sidebar-style":"default","ast-global-header-display":"","ast-banner-title-visibility":"","ast-main-header-display":"","ast-hfb-above-header-display":"","ast-hfb-below-header-display":"","ast-hfb-mobile-header-display":"","site-post-title":"disabled","ast-breadcrumbs-content":"","ast-featured-img":"","footer-sml-layout":"","ast-disable-related-posts":"","theme-transparent-header-meta":"","adv-header-id-meta":"","stick-header-meta":"","header-above-stick-meta":"","header-main-stick-meta":"","header-below-stick-meta":"","astra-migrate-meta-layouts":"default","ast-page-background-enabled":"default","ast-page-background-meta":{"desktop":{"background-color":"var(--ast-global-color-5)","background-image":"","background-repeat":"repeat","background-position":"center center","background-size":"auto","background-attachment":"scroll","background-type":"","background-media":"","overlay-type":"","overlay-color":"","overlay-opacity":"","overlay-gradient":""},"tablet":{"background-color":"","background-image":"","background-repeat":"repeat","background-position":"center center","background-size":"auto","background-attachment":"scroll","background-type":"","background-media":"","overlay-type":"","overlay-color":"","overlay-opacity":"","overlay-gradient":""},"mobile":{"background-color":"","background-image":"","background-repeat":"repeat","background-position":"center center","background-size":"auto","background-attachment":"scroll","background-type":"","background-media":"","overlay-type":"","overlay-color":"","overlay-opacity":"","overlay-gradient":""}},"ast-content-background-meta":{"desktop":{"background-color":"var(--ast-global-color-4)","background-image":"","background-repeat":"repeat","background-position":"center center","background-size":"auto","background-attachment":"scroll","background-type":"","background-media":"","overlay-type":"","overlay-color":"","overlay-opacity":"","overlay-gradient":""},"tablet":{"background-color":"var(--ast-global-color-4)","background-image":"","background-repeat":"repeat","background-position":"center center","background-size":"auto","background-attachment":"scroll","background-type":"","background-media":"","overlay-type":"","overlay-color":"","overlay-opacity":"","overlay-gradient":""},"mobile":{"background-color":"var(--ast-global-color-4)","background-image":"","background-repeat":"repeat","background-position":"center center","background-size":"auto","background-attachment":"scroll","background-type":"","background-media":"","overlay-type":"","overlay-color":"","overlay-opacity":"","overlay-gradient":""}},"footnotes":""},"class_list":["post-216","page","type-page","status-publish","hentry"],"_links":{"self":[{"href":"https:\/\/notrevilletaneuse.fr\/index.php\/wp-json\/wp\/v2\/pages\/216","targetHints":{"allow":["GET"]}}],"collection":[{"href":"https:\/\/notrevilletaneuse.fr\/index.php\/wp-json\/wp\/v2\/pages"}],"about":[{"href":"https:\/\/notrevilletaneuse.fr\/index.php\/wp-json\/wp\/v2\/types\/page"}],"author":[{"embeddable":true,"href":"https:\/\/notrevilletaneuse.fr\/index.php\/wp-json\/wp\/v2\/users\/1"}],"replies":[{"embeddable":true,"href":"https:\/\/notrevilletaneuse.fr\/index.php\/wp-json\/wp\/v2\/comments?post=216"}],"version-history":[{"count":3,"href":"https:\/\/notrevilletaneuse.fr\/index.php\/wp-json\/wp\/v2\/pages\/216\/revisions"}],"predecessor-version":[{"id":540,"href":"https:\/\/notrevilletaneuse.fr\/index.php\/wp-json\/wp\/v2\/pages\/216\/revisions\/540"}],"wp:attachment":[{"href":"https:\/\/notrevilletaneuse.fr\/index.php\/wp-json\/wp\/v2\/media?parent=216"}],"curies":[{"name":"wp","href":"https:\/\/api.w.org\/{rel}","templated":true}]}}