{"id":214,"date":"2026-02-11T15:54:54","date_gmt":"2026-02-11T15:54:54","guid":{"rendered":"https:\/\/notrevilletaneuse.fr\/?page_id=214"},"modified":"2026-02-15T09:58:34","modified_gmt":"2026-02-15T09:58:34","slug":"sport-culture-et-memoires","status":"publish","type":"page","link":"https:\/\/notrevilletaneuse.fr\/index.php\/sport-culture-et-memoires\/","title":{"rendered":"Sport, Culture et M\u00e9moires"},"content":{"rendered":"\n<h2 class=\"wp-block-heading\"><strong>Sport, Culture et M\u00e9moires<\/strong><\/h2>\n\n\n\n<p><em>\u00ab&nbsp;\u00catre bien dans son corps, \u00eatre bien dans sa t\u00eate&nbsp;\u00bb<\/em><\/p>\n\n\n\n<p><\/p>\n\n\n\n<details class=\"wp-block-details is-layout-flow wp-block-details-is-layout-flow\"><summary><strong><em><u>SPORT<\/u><\/em><\/strong><\/summary>\n<p><\/p>\n\n\n\n<h2 class=\"wp-block-heading\"><a><strong>L\u2019\u00e9tat des lieux&nbsp;: R\u00e9sum\u00e9 des probl\u00e9matiques soulev\u00e9es<\/strong><\/a><\/h2>\n\n\n\n<ul class=\"wp-block-list\">\n<li>Les \u00e9quipements sportifs manquent d\u2019entretien en raison de la suppression des gardiens sur site (hormis le gymnase Langevin)&nbsp;;<\/li>\n\n\n\n<li>Les clubs sportifs sont livr\u00e9s \u00e0 eux-m\u00eames sur les installations municipales (badges d\u2019entr\u00e9e), mauvaise gestion des \u00e9quipements&nbsp;;<\/li>\n\n\n\n<li>Manque de transparence concernant l\u2019attribution des cr\u00e9neaux horaires pour les clubs sportifs et des moyens mis \u00e0 leur disposition&nbsp;;<\/li>\n\n\n\n<li>Difficult\u00e9 d\u2019acc\u00e8s aux sports pour les femmes notamment les jeunes filles&nbsp;;<\/li>\n\n\n\n<li>Manque de diversit\u00e9 dans l\u2019offre des sports propos\u00e9s. Inexistence de clubs handisport&nbsp;;<\/li>\n\n\n\n<li>Les m\u00eames causes produisent les m\u00eames effets. Le stade Bernard Lama apr\u00e8s le stade Dian cons\u00e9quemment \u00e0 l\u2019installation successive de l\u2019\u00e9t\u00e9 \u00e0 Villetaneuse subi de fortes d\u00e9gradations. La remise aux normes a n\u00e9cessit\u00e9 des travaux au stade Dian pour un montant de plus d\u20191 million d\u2019\u20ac. Le Stade Bernard Lama est aussi \u00e0 r\u00e9nover compl\u00e8tement&nbsp;pour les m\u00eames raisons ;<\/li>\n\n\n\n<li>Suppression des pratiques sportives libres, type \u00ab&nbsp;loisirs&nbsp;\u00bb et associatives notamment au stade Bernard Lama&nbsp;;<\/li>\n\n\n\n<li>La course pour la paix transform\u00e9e en \u00ab&nbsp;la Villetaneusienne&nbsp;\u00bb en guise d\u2019autrement.<\/li>\n<\/ul>\n\n\n\n<p><\/p>\n\n\n\n<h2 class=\"wp-block-heading\"><strong>Nos orientations politiques<\/strong><\/h2>\n\n\n\n<ul class=\"wp-block-list\">\n<li>Face \u00e0 la progression de la s\u00e9dentarisation, la mal bouffe, la pratique d\u2019une activit\u00e9 sportive est un enjeu de sant\u00e9 publique. Le sport intervient aussi dans le processus de sociabilisation eta \u00e9galement un enjeu \u00e9ducatif&nbsp;: conna\u00eetre des r\u00e8gles, respecter l\u2019autre, le collectif. Pour ces raisons le d\u00e9veloppement de la politique publique sportive est essentiel&nbsp;;<\/li>\n\n\n\n<li>Avec notre programme et notre action quotidienne, nous voulons rendre le sport accessible \u00e0 tous sans distinction d\u2019\u00e2ge ou de genre. La pratique f\u00e9minine devra \u00eatre d\u00e9velopp\u00e9e ainsi que celle des personnes en situation de handicap&nbsp;;<\/li>\n\n\n\n<li>Les clubs sportifs devront \u00eatre mieux accompagn\u00e9s et une place devra \u00eatre r\u00e9serv\u00e9e dans nos \u00e9quipements pour le sport sant\u00e9, bien-\u00eatre et loisirs&nbsp;;<\/li>\n\n\n\n<li>Pour y parvenir nous devrons mobiliser tous les acteurs de notre territoire \u00e0 commencer par Plaine Commune et l\u2019Universit\u00e9 mais \u00e9galement tout le tissu associatif. Une instance partenariale \u00ab&nbsp;ville, usagers, sportifs, associations et l\u2019universit\u00e9 Paris Sorbonne 13&nbsp;\u00bb sera cr\u00e9\u00e9e pour \u0153uvrer au d\u00e9veloppement de la pratique sportive pour tous. Les moyens (subventions, \u00e9quipements, cr\u00e9neaux horaires\u2026) ainsi que leurs crit\u00e8res d\u2019attribution seront d\u00e9cid\u00e9s en toute transparence. Les usagers seront interrog\u00e9s sur les besoins&nbsp;;<\/li>\n\n\n\n<li>Les sportifs de haut niveau issus des clubs de Villetaneuse seront mis en valeur pour stimuler de nouveaux publics.<\/li>\n<\/ul>\n\n\n\n<p><\/p>\n\n\n\n<h2 class=\"wp-block-heading\"><strong>Les propositions en cours de discussion relevant du seul pouvoir de d\u00e9cision de la commune, leurs motivations&nbsp;<\/strong><\/h2>\n\n\n\n<ul class=\"wp-block-list\">\n<li>Les \u00e9quipements sportifs devront \u00eatre r\u00e9nov\u00e9s et de nouveaux lieux devront voir le jour comme une salle d\u00e9di\u00e9e aux sports de combat&nbsp;;<\/li>\n\n\n\n<li>Nous accompagnerons les associations sportives dans le d\u00e9veloppement du sport au f\u00e9minin ainsi que le sport sant\u00e9 pour les s\u00e9niors et \u0153uvrerons \u00e0 la cr\u00e9ation de clubs handisport et\/ou la pratique possible au sein des clubs d\u00e9j\u00e0 implant\u00e9s. Ils pourront b\u00e9n\u00e9ficier de moyens suppl\u00e9mentaires pour cela&nbsp;;<\/li>\n\n\n\n<li>La mise en place d\u2019un forum des sports qui pourrait se tenir fin juin, dans un gymnase de la ville, afin que tous les acteurs du sport puissent faire d\u00e9couvrir leur activit\u00e9 et attirer de nouveaux licenci\u00e9s bien avant le d\u00e9but de la saison&nbsp;;<\/li>\n\n\n\n<li>Mise en \u0153uvre de tous les moyens afin de sauver le club cycliste ainsi que des \u00e9quipements adapt\u00e9s et remise en place du prix du conseil municipal&nbsp;;<\/li>\n\n\n\n<li>Une \u00e9valuation de l\u2019\u00e9cole municipale des sports sera r\u00e9alis\u00e9e afin d\u2019en assurer sa p\u00e9rennit\u00e9&nbsp;;<\/li>\n\n\n\n<li>Remise en place du cross des \u00e9coles une fois par an, des 6 heures ding d\u2019eau et de la course pour la paix&nbsp;;<\/li>\n\n\n\n<li>Les moyens humains municipaux seront r\u00e9tablis car n\u00e9cessaires au lien entre les diff\u00e9rents utilisateurs, \u00e0 l\u2019entretien des \u00e9quipements, la s\u00e9curit\u00e9 des biens et des personnes. C\u2019est pourquoi nous voulons remettre le service public au centre des pratiques sportives et souhaitons le retour des agents log\u00e9s sur les \u00e9quipements sportifs afin de garantir une pr\u00e9sence 24\/24 (gardiennage).<\/li>\n<\/ul>\n\n\n\n<p><\/p>\n\n\n\n<h2 class=\"wp-block-heading\"><strong>Les propositions en cours de discussion relevant du pouvoir d\u2019intervention de la ville via Plaine Commune, leurs motivations<\/strong><\/h2>\n\n\n\n<ul class=\"wp-block-list\">\n<li>Nous devrons ouvrir le dialogue et n\u00e9gocier avec Plaine Commune (gestionnaire de la piscine) des cr\u00e9neaux suffisants pour les scolaires et les villetaneusiens ainsi que pourles clubs sportifs aquatiques. Nous travaillerons pour obtenir une tarification accessible pour tous.<\/li>\n\n\n\n<li>La piscine devra faire l\u2019objet d\u2019un partenariat avec l\u2019universit\u00e9 dans le cadre d\u2019\u00e9change de bonnes pratiques.<\/li>\n<\/ul>\n\n\n\n<p><\/p>\n\n\n\n<h2 class=\"wp-block-heading\"><strong>Les propositions en cours de discussion relevant du pouvoir d\u2019intervention de la ville aupr\u00e8s d\u2019autres institutions, leurs motivations<\/strong><\/h2>\n\n\n\n<ul class=\"wp-block-list\">\n<li>Apr\u00e8s les JO, les aides en direction du sport ont \u00e9t\u00e9 diminu\u00e9es de mani\u00e8re drastique. Nous agirons aupr\u00e8s de l\u2019\u00c9tat pour obtenir de nouveaux moyens. Prendre soin de soi, c\u2019est r\u00e9duire les co\u00fbts en mati\u00e8re de sant\u00e9 et donc faire des \u00e9conomies&nbsp;;<\/li>\n\n\n\n<li>Dans le cadre de la diversification de la pratique sportive et l\u2019accueil sur notre ville de 550 chambres \u00e9tudiantes, travailler \u00e0 des \u00e9changes \u00ab&nbsp;gagnant\/gagnant&nbsp;\u00bb sur l\u2019utilisation des \u00e9quipements et la diversification de la pratique sportive avec l\u2019universit\u00e9.<\/li>\n<\/ul>\n\n\n\n<p><\/p>\n<\/details>\n\n\n\n<details class=\"wp-block-details is-layout-flow wp-block-details-is-layout-flow\"><summary><strong><em><strong><em><u>CULTURE<\/u><\/em><\/strong><\/em><\/strong><\/summary>\n<h2 class=\"wp-block-heading\"><strong>L\u2019\u00e9tat des lieux&nbsp;: R\u00e9sum\u00e9 des probl\u00e9matiques soulev\u00e9es<\/strong><\/h2>\n\n\n\n<p><\/p>\n\n\n\n<p>La politique culturelle a subi un appauvrissement consid\u00e9rable et quant \u00e0 la politique m\u00e9morielle<strong>, <\/strong>cette mandature qui s\u2019ach\u00e8ve a fait l\u2019impasse sur le sujet. Ce qui est pitoyable et tr\u00e8s \u00e9clairant sur la contradiction manifeste que cela donne \u00e0 voir. En effet, il y a une \u00e9norme contradiction entre ce qu\u2019avait annonc\u00e9 M. Dieunor Excellent candidat et ce que fait le maire en place. En responsabilit\u00e9 il a tent\u00e9 de raser jusqu\u2019aux symbole de la politique m\u00e9morielle du mandat de son pr\u00e9d\u00e9cesseur (en la personne de Mme Carinne Juste)&nbsp;:<\/p>\n\n\n\n<ul class=\"wp-block-list\">\n<li>Suppression du tiers lieu culturel&nbsp;;<\/li>\n\n\n\n<li>Le local du CICA (le ch\u00e2teau) abandonn\u00e9 et lancement d\u2019une nouvelle structure&nbsp;: quid du devenir du 1<sup>er<\/sup> et de l\u2019\u00e9tat d\u2019avancement du 2<sup>\u00e8me&nbsp;<\/sup>;<\/li>\n\n\n\n<li>Le terrain de la piscine o\u00f9 devait se construire l\u2019\u00e9quipement culturel c\u00e9d\u00e9 \u00e0 Plaine commune pour 1 \u20ac symbolique apr\u00e8s l\u2019avoir achet\u00e9 plus de 650.000 \u20ac, quand rien ne l\u2019obligeait&nbsp;;<\/li>\n\n\n\n<li>De tr\u00e8s rares programmation culturelle en 6 ans et quand rarement elles existent, c\u2019\u00e9tait sans m\u00e9diation culturelle&nbsp;;<\/li>\n\n\n\n<li>Pas un seul article de fond de publi\u00e9 par le journal de la ville&nbsp;;<\/li>\n\n\n\n<li>Ouverture de la nouvelle m\u00e9diath\u00e8que et son auditorium, dont la programmation \u00e9tait finalis\u00e9e par l\u2019\u00e9quipe pr\u00e9c\u00e9dente, mais suppression de la m\u00e9diath\u00e8que dans le nord sans nouvelle alternative, alors qu\u2019une r\u00e9flexion \u00e9tait engag\u00e9e sur le sujet par l\u2019\u00e9quipe pr\u00e9c\u00e9dente&nbsp;;<\/li>\n\n\n\n<li>Abandon de l\u2019action en faveur de la culture pour la paix&nbsp;: la ville n\u2019est plus adh\u00e9rente \u00e0 l\u2019association \u00ab&nbsp;maires pour la paix&nbsp;\u00bb, abandon de la comm\u00e9moration de la journ\u00e9e internationale pour la paix du 21 septembre&nbsp;;<\/li>\n\n\n\n<li>Disparition des projets culturels partag\u00e9s avec l\u2019universit\u00e9&nbsp;;<\/li>\n\n\n\n<li>Disparition de la distribution chaque ann\u00e9e de livres aux \u00e9l\u00e8ves en fin cycle scolaire en lien avec la m\u00e9diath\u00e8que&nbsp;;<\/li>\n\n\n\n<li>Abandon de la mise en valeur du patrimoine culturel de la commune&nbsp;;<\/li>\n\n\n\n<li>Manque de diffusion de connaissance de l\u2019histoire de Villetaneuse (m\u00e9moire)&nbsp;;<\/li>\n\n\n\n<li>Il s\u2019est arrog\u00e9 la paternit\u00e9 de la m\u00e9diath\u00e8que jusqu\u2019\u00e0 substituer le nom attribu\u00e9 (Maryse Cond\u00e9) \u00e0 cette structure par le nom d\u2019une autre \u00e9crivaine, tout autant m\u00e9ritante (Annie Ernaux)&nbsp;;<\/li>\n\n\n\n<li>Plus aucune action m\u00e9morielle. La Place des Partages, notre lieu de m\u00e9moire, qui doit \u00eatre consid\u00e9r\u00e9e avec respect, a \u00e9t\u00e9 souill\u00e9e en transformant ce lieu en un espace de restauration rapide, la parole des villetaneusien.nes disparue du pupitre \u00e0 cause du non remplacement de la bande sonore.<\/li>\n\n\n\n<li>Suppression de la comm\u00e9moration du 23 mai, transfert de la plaque comm\u00e9morative du 19 mars 1962 de la rue du 19 mars 1962 \u00e0 la place JB Cl\u00e9ment&nbsp;;<\/li>\n\n\n\n<li>Le 23 mai n\u2019est plus comm\u00e9mor\u00e9, exit l\u2019hommage aux martyrs de l\u2019esclavage.<\/li>\n<\/ul>\n\n\n\n<p><\/p>\n\n\n\n<h2 class=\"wp-block-heading\"><strong>Nos orientations politiques<\/strong><\/h2>\n\n\n\n<ul class=\"wp-block-list\">\n<li>La culture accessible \u00e0 tous en d\u00e9veloppant de nouvelles pratiques artistiques, culture hors mur et pratique in situ. D\u00e9velopper la cr\u00e9ativit\u00e9, la curiosit\u00e9, l\u2019art, comme essentiels et vecteurs d\u2019\u00e9mancipation par une vraie politique culturelle publique sortant des logiques de consommation et de rentabilit\u00e9&nbsp;;<\/li>\n\n\n\n<li>Remettre la politique m\u00e9morielle comme priorit\u00e9 municipale pour signifier que les m\u00e9moires devront participer au d\u00e9veloppement culturel par l\u2019\u00e9tude et la ma\u00eetrise de notre histoire au b\u00e9n\u00e9fice de tout public&nbsp;: nous venons tous d\u2019ici et d\u2019ailleurs et notamment des ex colonies. Nous sommes dans les m\u00eames dispositions d\u2019esprit \u00e0 l\u2019\u00e9gard des travailleurs, nous voulons travailler sur la m\u00e9moire ouvri\u00e8re avec un regard plus soutenu sur les luttes ouvri\u00e8res&nbsp;;<\/li>\n\n\n\n<li>Nous agirons pour soutenir la valorisation des histoires familiales, que les jeunes et moins jeunes puissent connaitre le v\u00e9cu de leurs parents et grands-parents et ainsi les porter avec fiert\u00e9&nbsp;;<\/li>\n\n\n\n<li>Nous aiderons au d\u00e9veloppement culturel, intellectuel et mental de nos jeunes par le jeu en popularisant sa pratique, par exemple le jeu d\u2019\u00e9checs, reconnu comme favorisant la concentration et le vivre ensemble&nbsp;;<\/li>\n\n\n\n<li>Nous d\u00e9velopperons toute forme d\u2019expression orale, comme le th\u00e9\u00e2tre pour l\u2019affirmation de soi et vecteur de confiance en soi&nbsp;;<\/li>\n\n\n\n<li>Nous ferons un \u00e9tat des lieux des \u00e9quipements culturels municipaux&nbsp;et ferons correspondre leurs usages avec les nouvelles orientations de politique culturelle.<\/li>\n<\/ul>\n\n\n\n<p><\/p>\n\n\n\n<h2 class=\"wp-block-heading\"><strong>Les propositions en cours de discussion relevant du seul pouvoir de d\u00e9cision de la commune&nbsp;<\/strong><\/h2>\n\n\n\n<ul class=\"wp-block-list\">\n<li>Accompagner les plus jeunes dans l\u2019obtention du pass culture et de son utilisation&nbsp;;<\/li>\n\n\n\n<li>Permettre l\u2019acc\u00e8s pour tous avec une attention particuli\u00e8re en direction des personnes en situation de handicap, aux disciplines dispens\u00e9es au CICA (musique, th\u00e9\u00e2tre, danse). \u00c9tudier la possibilit\u00e9 de dispenser la connaissance de l\u2019art plastique ;<\/li>\n\n\n\n<li>D\u00e9velopper des \u00e9changes culturels et transg\u00e9n\u00e9rationnels CICA\/\u00e9coles\/associations\/ p\u00f4le s\u00e9nior\/ Multi accueil \u2026<\/li>\n\n\n\n<li>Mettre en placeune exposition annuelle d\u2019arts plastiques ; <\/li>\n\n\n\n<li>En lien avec la m\u00e9diath\u00e8que distribution d\u2019un livre \u00e0 tous les \u00e9l\u00e8ves en fin de cycle scolaire ; <\/li>\n\n\n\n<li>Mettre en valeur les talents artistiques locaux, des associations culturelles et travail sur leur \u00e9mergence ; <\/li>\n\n\n\n<li>Mise en place d\u2019un concours d\u2019\u00e9loquence annuel en lien avec la th\u00e9matique annuelle retenue. Par exemple&nbsp;: ville pour la paix<\/li>\n\n\n\n<li>Une programmation culturelle dans les murs et hors les murs encadr\u00e9e par une m\u00e9diation culturelle sera mise en place (cin\u00e9club, th\u00e9\u00e2tre, mus\u00e9es et autres structures si possible) ; <\/li>\n\n\n\n<li>Concernant la culture de la paix. Remettre \u00e0 l\u2019ordre du jour la journ\u00e9e internationale pour la paix (21 septembre) ; <\/li>\n\n\n\n<li>\u00c9criture d\u2019un deuxi\u00e8me livre sur l\u2019histoire de Villetaneuse, une suite du premier ouvrage avec la participation des habitants ayant v\u00e9cu \u00e0 Villetaneuse \u00e0 diff\u00e9rentes \u00e9poques ; <\/li>\n\n\n\n<li>Identification d\u2019un lieu destin\u00e9 \u00e0 la cr\u00e9ation culinaire o\u00f9 les cuisines du monde pourraient s\u2019entrecroiser&nbsp;;<\/li>\n\n\n\n<li>Valorisation de l\u2019histoire familiale aupr\u00e8s des jeunes notamment par le biais de l\u2019histoire de la classe ouvri\u00e8re&nbsp;;<\/li>\n\n\n\n<li>La population de la ville est compos\u00e9e de ressortissants de toutes origines nous devons mettre en \u0153uvre une politique d\u2019int\u00e9gration et faire que tous ensemble ils collaborent \u00e0 la construction d\u2019une histoire commune. Faire village en se racontant mutuellement&nbsp;;<\/li>\n\n\n\n<li>Affirmation de la place des partages comme lieu de rencontre de la politique m\u00e9morielle. R\u00e9novation de celle-ci avec la poursuite de son am\u00e9nagement en ce sens, remise les bandes audios des statues et r\u00e9alisation de nouveaux textes lus par les habitants&nbsp;;<\/li>\n\n\n\n<li>R\u00e9tablissement de la comm\u00e9moration du 23 mai et remise \u00e0 sa place d\u2019origine de la plaque comm\u00e9morative du 19 mars 1962 rue du 19 mars 1962 et non au fond de la Place JB Cl\u00e9ment.<\/li>\n<\/ul>\n\n\n\n<details class=\"wp-block-details is-layout-flow wp-block-details-is-layout-flow\"><summary><strong>Cr\u00e9ation d\u2019une maison de la citoyennet\u00e9&nbsp;:<\/strong><\/summary>\n<ul class=\"wp-block-list\">\n<li>Pour f\u00e9d\u00e9rer, un lieu de ressources sera \u00e0 construire.<\/li>\n<\/ul>\n\n\n\n<p><\/p>\n<\/details>\n\n\n\n<h2 class=\"wp-block-heading\"><strong>Les propositions en cours de discussion relevant du pouvoir d\u2019intervention de la ville via Plaine Commune, leurs motivations<\/strong><\/h2>\n\n\n\n<ul class=\"wp-block-list\">\n<li>Accompagner la r\u00e9novation urbaine par des projets artistiques&nbsp;;<\/li>\n\n\n\n<li>Cr\u00e9ation d\u2019une maison des ados au sein de la m\u00e9diath\u00e8que&nbsp;;<\/li>\n\n\n\n<li>D\u00e9velopper la m\u00e9diation autour du livre avec les biblioth\u00e9caires au multi accueil, p\u00f4le s\u00e9nior et au centre socio culturel ; <\/li>\n\n\n\n<li>Mise en place d\u2019un kiosque \u00e0 livres au centre socioculturel&nbsp;;<\/li>\n\n\n\n<li>Travailler \u00e0 l\u2019acc\u00e8s des \u00e9quipements culturels des villes de Plaine Commune, des festivals avec une tarification unique et accessible aux habitants du territoire. Travailler \u00e0 des conventions autour de projets en commun (par exemple&nbsp;: acad\u00e9mie, Fratellini, Divertimento).<\/li>\n<\/ul>\n\n\n\n<p><\/p>\n\n\n\n<h2 class=\"wp-block-heading\"><strong>Les propositions en cours de discussion relevant du pouvoir d\u2019intervention de la ville aupr\u00e8s d\u2019autres institutions, leurs motivations<\/strong><\/h2>\n\n\n\n<details class=\"wp-block-details is-layout-flow wp-block-details-is-layout-flow\"><summary><strong>Travailler une vraie politique partenariale avec l\u2019universit\u00e9 et le CROUS&nbsp;:<\/strong><\/summary>\n<ul class=\"wp-block-list\">\n<li>Travailler \u00e0 une collaboration \u00e9troite sur un cycle de conf\u00e9rence&nbsp;;<\/li>\n\n\n\n<li>L\u2019universit\u00e9 dispose de ressources sur les jeux&nbsp;: Travailler \u00e0 la cr\u00e9ation d\u2019une ludoth\u00e8que ; <\/li>\n\n\n\n<li>Mise en place d\u2019une politique culturelle partenariale avec l\u2019universit\u00e9 et le CROUS (\u00e9quipements et programmation)&nbsp;;<\/li>\n\n\n\n<li>Travailler \u00e0 la mise en place d\u2019une universit\u00e9 populaire, style \u00ab&nbsp;du temps libre&nbsp;\u00bb en direction notamment des ain\u00e9s (voir propositions th\u00e9matique ville\/universit\u00e9).<\/li>\n<\/ul>\n<\/details>\n\n\n\n<ul class=\"wp-block-list\">\n<li><\/li>\n<\/ul>\n\n\n\n<details class=\"wp-block-details is-layout-flow wp-block-details-is-layout-flow\"><summary><strong>Avec le d\u00e9partement et la r\u00e9gion, l\u2019\u00c9tat&nbsp;:<\/strong><\/summary>\n<ul class=\"wp-block-list\">\n<li>Avoir recours, \u00e0 toutes les subventions et examiner tous projets structurants&nbsp;;<\/li>\n\n\n\n<li>Accueil d\u2019artistes en r\u00e9sidence soutenu par le d\u00e9partement et concert\u00e9 avec la ville.<\/li>\n<\/ul>\n<\/details>\n<\/details>\n\n\n\n<p><\/p>\n\n\n\n<div style=\"height:33px\" aria-hidden=\"true\" class=\"wp-block-spacer\"><\/div>\n\n\n\n<figure class=\"wp-block-image aligncenter size-large\"><img loading=\"lazy\" decoding=\"async\" width=\"725\" height=\"1024\" src=\"https:\/\/notrevilletaneuse.fr\/wp-content\/uploads\/2026\/02\/thema-Sport-culture-et-memoire_page-0001-725x1024.jpg\" alt=\"\" class=\"wp-image-517\" srcset=\"https:\/\/notrevilletaneuse.fr\/wp-content\/uploads\/2026\/02\/thema-Sport-culture-et-memoire_page-0001-725x1024.jpg 725w, https:\/\/notrevilletaneuse.fr\/wp-content\/uploads\/2026\/02\/thema-Sport-culture-et-memoire_page-0001-212x300.jpg 212w, https:\/\/notrevilletaneuse.fr\/wp-content\/uploads\/2026\/02\/thema-Sport-culture-et-memoire_page-0001-768x1085.jpg 768w, https:\/\/notrevilletaneuse.fr\/wp-content\/uploads\/2026\/02\/thema-Sport-culture-et-memoire_page-0001-1087x1536.jpg 1087w, https:\/\/notrevilletaneuse.fr\/wp-content\/uploads\/2026\/02\/thema-Sport-culture-et-memoire_page-0001.jpg 1241w\" sizes=\"auto, (max-width: 725px) 100vw, 725px\" \/><\/figure>\n\n\n\n<div class=\"wp-block-buttons is-content-justification-center is-layout-flex wp-container-core-buttons-is-layout-a89b3969 wp-block-buttons-is-layout-flex\">\n<div class=\"wp-block-button\"><a class=\"wp-block-button__link wp-element-button\" href=\"https:\/\/notrevilletaneuse.fr\/wp-content\/uploads\/2026\/02\/thema-Sport-culture-et-memoire.pdf\">T\u00e9l\u00e9charger la version livret (PDF)<\/a><\/div>\n<\/div>\n","protected":false},"excerpt":{"rendered":"<p>Sport, Culture et M\u00e9moires \u00ab&nbsp;\u00catre bien dans son corps, \u00eatre bien dans sa t\u00eate&nbsp;\u00bb<\/p>\n","protected":false},"author":1,"featured_media":0,"parent":0,"menu_order":0,"comment_status":"closed","ping_status":"closed","template":"","meta":{"_monsterinsights_skip_tracking":false,"_monsterinsights_sitenote_active":false,"_monsterinsights_sitenote_note":"","_monsterinsights_sitenote_category":0,"site-sidebar-layout":"default","site-content-layout":"","ast-site-content-layout":"default","site-content-style":"default","site-sidebar-style":"default","ast-global-header-display":"","ast-banner-title-visibility":"","ast-main-header-display":"","ast-hfb-above-header-display":"","ast-hfb-below-header-display":"","ast-hfb-mobile-header-display":"","site-post-title":"disabled","ast-breadcrumbs-content":"","ast-featured-img":"","footer-sml-layout":"","ast-disable-related-posts":"","theme-transparent-header-meta":"","adv-header-id-meta":"","stick-header-meta":"","header-above-stick-meta":"","header-main-stick-meta":"","header-below-stick-meta":"","astra-migrate-meta-layouts":"default","ast-page-background-enabled":"default","ast-page-background-meta":{"desktop":{"background-color":"var(--ast-global-color-5)","background-image":"","background-repeat":"repeat","background-position":"center center","background-size":"auto","background-attachment":"scroll","background-type":"","background-media":"","overlay-type":"","overlay-color":"","overlay-opacity":"","overlay-gradient":""},"tablet":{"background-color":"","background-image":"","background-repeat":"repeat","background-position":"center center","background-size":"auto","background-attachment":"scroll","background-type":"","background-media":"","overlay-type":"","overlay-color":"","overlay-opacity":"","overlay-gradient":""},"mobile":{"background-color":"","background-image":"","background-repeat":"repeat","background-position":"center center","background-size":"auto","background-attachment":"scroll","background-type":"","background-media":"","overlay-type":"","overlay-color":"","overlay-opacity":"","overlay-gradient":""}},"ast-content-background-meta":{"desktop":{"background-color":"var(--ast-global-color-4)","background-image":"","background-repeat":"repeat","background-position":"center center","background-size":"auto","background-attachment":"scroll","background-type":"","background-media":"","overlay-type":"","overlay-color":"","overlay-opacity":"","overlay-gradient":""},"tablet":{"background-color":"var(--ast-global-color-4)","background-image":"","background-repeat":"repeat","background-position":"center center","background-size":"auto","background-attachment":"scroll","background-type":"","background-media":"","overlay-type":"","overlay-color":"","overlay-opacity":"","overlay-gradient":""},"mobile":{"background-color":"var(--ast-global-color-4)","background-image":"","background-repeat":"repeat","background-position":"center center","background-size":"auto","background-attachment":"scroll","background-type":"","background-media":"","overlay-type":"","overlay-color":"","overlay-opacity":"","overlay-gradient":""}},"footnotes":""},"class_list":["post-214","page","type-page","status-publish","hentry"],"_links":{"self":[{"href":"https:\/\/notrevilletaneuse.fr\/index.php\/wp-json\/wp\/v2\/pages\/214","targetHints":{"allow":["GET"]}}],"collection":[{"href":"https:\/\/notrevilletaneuse.fr\/index.php\/wp-json\/wp\/v2\/pages"}],"about":[{"href":"https:\/\/notrevilletaneuse.fr\/index.php\/wp-json\/wp\/v2\/types\/page"}],"author":[{"embeddable":true,"href":"https:\/\/notrevilletaneuse.fr\/index.php\/wp-json\/wp\/v2\/users\/1"}],"replies":[{"embeddable":true,"href":"https:\/\/notrevilletaneuse.fr\/index.php\/wp-json\/wp\/v2\/comments?post=214"}],"version-history":[{"count":19,"href":"https:\/\/notrevilletaneuse.fr\/index.php\/wp-json\/wp\/v2\/pages\/214\/revisions"}],"predecessor-version":[{"id":520,"href":"https:\/\/notrevilletaneuse.fr\/index.php\/wp-json\/wp\/v2\/pages\/214\/revisions\/520"}],"wp:attachment":[{"href":"https:\/\/notrevilletaneuse.fr\/index.php\/wp-json\/wp\/v2\/media?parent=214"}],"curies":[{"name":"wp","href":"https:\/\/api.w.org\/{rel}","templated":true}]}}