{"id":212,"date":"2026-02-11T15:54:33","date_gmt":"2026-02-11T15:54:33","guid":{"rendered":"https:\/\/notrevilletaneuse.fr\/?page_id=212"},"modified":"2026-02-25T09:56:25","modified_gmt":"2026-02-25T09:56:25","slug":"democratie-participative-et-citoyenne","status":"publish","type":"page","link":"https:\/\/notrevilletaneuse.fr\/index.php\/democratie-participative-et-citoyenne\/","title":{"rendered":"D\u00e9mocratie participative et citoyenne"},"content":{"rendered":"\n<h2 class=\"wp-block-heading\"><strong>D\u00e9mocratie participative et citoyenne<\/strong><\/h2>\n\n\n\n<p><em>Une ville ou chaque habitant aura droit \u00e0 la parole<\/em><\/p>\n\n\n\n<p><\/p>\n\n\n\n<h2 class=\"wp-block-heading\"><strong>L\u2019\u00e9tat des lieux<\/strong><\/h2>\n\n\n\n<p>La d\u00e9mocratie \u00e0 Villetaneuse a subi une d\u00e9construction profonde durant le dernier mandat, marqu\u00e9e par :<\/p>\n\n\n\n<ul class=\"wp-block-list\">\n<li>L\u2019opacit\u00e9 et le fait accompli dont t\u00e9moigne l\u2019absence de d\u00e9bats contradictoires sur les grands projets durant tout le mandat de l\u2019\u00e9quipe en place. Les citoyens comme les \u00e9lus d\u2019opposition sont syst\u00e9matiquement mis devant le fait accompli.<\/li>\n\n\n\n<li>L&#8217;affaiblissement du respect r\u00e9publicain : Un manque de consid\u00e9ration pour la libre expression des \u00e9lus de tous bords et pour le r\u00f4le du personnel communal.<\/li>\n\n\n\n<li>Une rupture de confiance : l\u2019opacit\u00e9 des processus d\u00e9cisionnels a creus\u00e9 un foss\u00e9 entre la municipalit\u00e9 et les citoyens.<\/li>\n\n\n\n<li>Un sentiment d&#8217;abandon : Des habitants qui se sentent g\u00e9ographiquement et politiquement \u00e9cart\u00e9s des centres de d\u00e9cision.<\/li>\n<\/ul>\n\n\n\n<p><strong>Cette rupture de confiance est le r\u00e9sultat direct d\u2019une gestion opaque, qui a fini par \u00e9riger un mur entre la mairie et les citoyens.<\/strong><\/p>\n\n\n\n<p><\/p>\n\n\n\n<h2 class=\"wp-block-heading\"><strong>Nos Orientations Politiques<\/strong><\/h2>\n\n\n\n<p>Nous affirmons que la d\u00e9mocratie ne s&#8217;arr\u00eate pas au jour de l&#8217;\u00e9lection. Elle est en permanence une &#8220;fabrique de la ville&#8221;.<\/p>\n\n\n\n<p>Notre principe est de redonner le pouvoir aux Villetaneusiens par une \u00e9thique de responsabilit\u00e9.<\/p>\n\n\n\n<p>Nous voulons une ville o\u00f9 la communication est au service de l\u2019information et non de l\u2019image du maire, et o\u00f9 la vie associative est respect\u00e9e dans son autonomie et soutenue dans son action sans \u00e0 priori politicien.<\/p>\n\n\n\n<p>La transparence totale sur les d\u00e9cisions et les finances sera le socle de ce nouveau contrat social.<\/p>\n\n\n\n<p><\/p>\n\n\n\n<h2 class=\"wp-block-heading\"><strong>Les propositions en cours de discussion relevant du seul pouvoir de d\u00e9cision de la commune<\/strong><\/h2>\n\n\n\n<details class=\"wp-block-details is-layout-flow wp-block-details-is-layout-flow\"><summary><strong>En mati\u00e8re d&#8217;\u00e9thique et de fonctionnement institutionnel :<\/strong><\/summary>\n<ul class=\"wp-block-list\">\n<li>Charte \u00e9thique et de respect : Obligation pour chaque \u00e9lu de signer une charte garantissant le respect mutuel, la libre expression dans toutes les instances et la protection du personnel communal (<a href=\"https:\/\/notrevilletaneuse.fr\/index.php\/charte-ethique-de-lelue\/\" data-type=\"page\" data-id=\"300\">\ud83d\udc49 Document disponible en cliquant sur ce lien.<\/a>)<\/li>\n\n\n\n<li>Transparence majorit\u00e9\/opposition : Garantir aux \u00e9lus d\u2019opposition les moyens d\u2019exercer leur r\u00f4le de contr\u00f4le et de proposition au sein des commissions.<\/li>\n\n\n\n<li>Audit citoyen et bilan annuel : Lancer d\u00e8s 2026 un audit global de la ville et s&#8217;engager \u00e0 pr\u00e9senter chaque ann\u00e9e un bilan d&#8217;\u00e9tape devant la population<\/li>\n<\/ul>\n\n\n\n<p><\/p>\n<\/details>\n\n\n\n<details class=\"wp-block-details is-layout-flow wp-block-details-is-layout-flow\"><summary><strong>En mati\u00e8re de d\u00e9mocratie participative et de proximit\u00e9 :<\/strong><\/summary>\n<ul class=\"wp-block-list\">\n<li>Le d\u00e9bat public comme pr\u00e9alable : Rendre obligatoire un d\u00e9bat contradictoire avant tout vote de projet municipal majeur (quartier, logement, environnement).<\/li>\n\n\n\n<li>Visites hebdomadaires &#8220;en marchant&#8221; : Pr\u00e9sence r\u00e9guli\u00e8re des \u00e9lus dans chaque quartier pour recueillir les dol\u00e9ances et constater les r\u00e9alit\u00e9s de terrain.<\/li>\n\n\n\n<li>Budgets participatifs th\u00e9matiques : Cr\u00e9ation de budgets d\u00e9di\u00e9s aux projets d\u00e9cid\u00e9s par les habitants, avec des enveloppes sp\u00e9cifiques pour la Jeunesse, la Parentalit\u00e9 ou les Quartiers.<\/li>\n\n\n\n<li>Bo\u00eetes \u00e0 id\u00e9es accessible \u00e0 toutes et tous: Installation de dispositifs de recueil de propositions dans tous les lieux publics, g\u00e9r\u00e9s de fa\u00e7on neutre.<\/li>\n\n\n\n<li>Instances par centres d&#8217;int\u00e9r\u00eat : Co-construction de la ville via des conseils th\u00e9matiques (Jeunes, Seniors, Environnement).<\/li>\n<\/ul>\n<\/details>\n\n\n\n<p><\/p>\n\n\n\n<h2 class=\"wp-block-heading\"><strong>Les propositions en cours de discussion relevant du pouvoir d\u2019intervention de la Ville via Plaine Commune<\/strong><\/h2>\n\n\n\n<ul class=\"wp-block-list\">\n<li>Transparence territoriale : Exiger que les d\u00e9cisions prises \u00e0 Plaine Commune fassent l&#8217;objet d&#8217;un compte rendu syst\u00e9matique et accessibles par les citoyens de Villetaneuse.<\/li>\n\n\n\n<li>Relais citoyen : Porter les dol\u00e9ances recueillies lors des &#8220;visites en marchant&#8221; directement aupr\u00e8s des services territoriaux avec un suivi public des r\u00e9ponses obtenues.<\/li>\n<\/ul>\n\n\n\n<p><\/p>\n\n\n\n<h2 class=\"wp-block-heading\"><strong>Les propositions en discussion relevant du devoir d\u2019intervention de la Ville aupr\u00e8s<\/strong> d\u2019autres institutions<\/h2>\n\n\n\n<ul class=\"wp-block-list\">\n<li>Co-\u00e9ducation citoyenne avec l&#8217;Universit\u00e9 : Utiliser les ressources universitaires pour permettre aux habitants de mieux appr\u00e9hender les enjeux publics et renforcer leur pouvoir d&#8217;agir.<\/li>\n\n\n\n<li>D\u00e9fense de la vie associative : Agir aupr\u00e8s des partenaires institutionnels pour garantir l&#8217;ind\u00e9pendance et le soutien financier aux associations locales, sans ing\u00e9rence politique.<\/li>\n<\/ul>\n\n\n\n<p><\/p>\n\n\n\n<h2 class=\"wp-block-heading\"><strong>Autres questions \u00e0 d\u00e9velopper dans la suite du travail du groupe<\/strong><\/h2>\n\n\n\n<details class=\"wp-block-details is-layout-flow wp-block-details-is-layout-flow\"><summary><strong>\u00c9valuation de l\u2019efficacit\u00e9 des outils de participation<\/strong> :<\/summary>\n<ul class=\"wp-block-list\">\n<li>Comment s&#8217;assurer que les consultations ne soient pas de simples &#8220;r\u00e9unions d&#8217;information&#8221; mais de r\u00e9els espaces de discussion&nbsp;?<\/li>\n\n\n\n<li>Quelle m\u00e9thode pour garantir que les projets issus des budgets participatifs soient r\u00e9alis\u00e9s dans les d\u00e9lais ?<\/li>\n<\/ul>\n\n\n\n<p><\/p>\n<\/details>\n\n\n\n<details class=\"wp-block-details is-layout-flow wp-block-details-is-layout-flow\"><summary><strong>Des enjeux \u00e0 approfondir<\/strong> : <\/summary>\n<ul class=\"wp-block-list\">\n<li>La communication municipale : D\u00e9finir les crit\u00e8res d&#8217;une communication honn\u00eate, informative et p\u00e9dagogique.<\/li>\n\n\n\n<li>Lieux de convivialit\u00e9 : R\u00e9fl\u00e9chir \u00e0 la cr\u00e9ation d&#8217;espaces de discussion citoyenne en libre acc\u00e8s, sans entraves administratives d\u00e9mesur\u00e9es.<\/li>\n\n\n\n<li>D\u00e9mocratiser l\u2019acc\u00e8s au num\u00e9rique : Comment la &#8220;cha\u00eene num\u00e9rique citoyenne&#8221; peut-elle inclure ceux qui n&#8217;ont pas acc\u00e8s aux outils informatiques&nbsp;?<\/li>\n<\/ul>\n<\/details>\n\n\n\n<p><\/p>\n\n\n\n<div style=\"height:28px\" aria-hidden=\"true\" class=\"wp-block-spacer\"><\/div>\n\n\n\n<figure class=\"wp-block-image aligncenter size-large\"><img loading=\"lazy\" decoding=\"async\" width=\"725\" height=\"1024\" src=\"https:\/\/notrevilletaneuse.fr\/wp-content\/uploads\/2026\/02\/Democratie-participative_page-0001-725x1024.jpg\" alt=\"\" class=\"wp-image-542\" srcset=\"https:\/\/notrevilletaneuse.fr\/wp-content\/uploads\/2026\/02\/Democratie-participative_page-0001-725x1024.jpg 725w, https:\/\/notrevilletaneuse.fr\/wp-content\/uploads\/2026\/02\/Democratie-participative_page-0001-212x300.jpg 212w, https:\/\/notrevilletaneuse.fr\/wp-content\/uploads\/2026\/02\/Democratie-participative_page-0001-768x1085.jpg 768w, https:\/\/notrevilletaneuse.fr\/wp-content\/uploads\/2026\/02\/Democratie-participative_page-0001-1087x1536.jpg 1087w, https:\/\/notrevilletaneuse.fr\/wp-content\/uploads\/2026\/02\/Democratie-participative_page-0001.jpg 1241w\" sizes=\"auto, (max-width: 725px) 100vw, 725px\" \/><\/figure>\n\n\n\n<div class=\"wp-block-buttons is-content-justification-center is-layout-flex wp-container-core-buttons-is-layout-a89b3969 wp-block-buttons-is-layout-flex\">\n<div class=\"wp-block-button\"><a class=\"wp-block-button__link wp-element-button\" href=\"https:\/\/notrevilletaneuse.fr\/wp-content\/uploads\/2026\/02\/Democratie-participative.pdf\">T\u00e9l\u00e9charger la version livret (PDF)<\/a><\/div>\n<\/div>\n","protected":false},"excerpt":{"rendered":"<p>D\u00e9mocratie participative et citoyenne Une ville ou chaque habitant aura droit \u00e0 la parole L\u2019\u00e9tat des lieux La d\u00e9mocratie \u00e0 [&hellip;]<\/p>\n","protected":false},"author":1,"featured_media":0,"parent":0,"menu_order":0,"comment_status":"closed","ping_status":"closed","template":"","meta":{"_monsterinsights_skip_tracking":false,"_monsterinsights_sitenote_active":false,"_monsterinsights_sitenote_note":"","_monsterinsights_sitenote_category":0,"site-sidebar-layout":"default","site-content-layout":"","ast-site-content-layout":"default","site-content-style":"default","site-sidebar-style":"default","ast-global-header-display":"","ast-banner-title-visibility":"","ast-main-header-display":"","ast-hfb-above-header-display":"","ast-hfb-below-header-display":"","ast-hfb-mobile-header-display":"","site-post-title":"disabled","ast-breadcrumbs-content":"","ast-featured-img":"","footer-sml-layout":"","ast-disable-related-posts":"","theme-transparent-header-meta":"","adv-header-id-meta":"","stick-header-meta":"","header-above-stick-meta":"","header-main-stick-meta":"","header-below-stick-meta":"","astra-migrate-meta-layouts":"default","ast-page-background-enabled":"default","ast-page-background-meta":{"desktop":{"background-color":"var(--ast-global-color-5)","background-image":"","background-repeat":"repeat","background-position":"center center","background-size":"auto","background-attachment":"scroll","background-type":"","background-media":"","overlay-type":"","overlay-color":"","overlay-opacity":"","overlay-gradient":""},"tablet":{"background-color":"","background-image":"","background-repeat":"repeat","background-position":"center center","background-size":"auto","background-attachment":"scroll","background-type":"","background-media":"","overlay-type":"","overlay-color":"","overlay-opacity":"","overlay-gradient":""},"mobile":{"background-color":"","background-image":"","background-repeat":"repeat","background-position":"center center","background-size":"auto","background-attachment":"scroll","background-type":"","background-media":"","overlay-type":"","overlay-color":"","overlay-opacity":"","overlay-gradient":""}},"ast-content-background-meta":{"desktop":{"background-color":"var(--ast-global-color-4)","background-image":"","background-repeat":"repeat","background-position":"center center","background-size":"auto","background-attachment":"scroll","background-type":"","background-media":"","overlay-type":"","overlay-color":"","overlay-opacity":"","overlay-gradient":""},"tablet":{"background-color":"var(--ast-global-color-4)","background-image":"","background-repeat":"repeat","background-position":"center center","background-size":"auto","background-attachment":"scroll","background-type":"","background-media":"","overlay-type":"","overlay-color":"","overlay-opacity":"","overlay-gradient":""},"mobile":{"background-color":"var(--ast-global-color-4)","background-image":"","background-repeat":"repeat","background-position":"center center","background-size":"auto","background-attachment":"scroll","background-type":"","background-media":"","overlay-type":"","overlay-color":"","overlay-opacity":"","overlay-gradient":""}},"footnotes":""},"class_list":["post-212","page","type-page","status-publish","hentry"],"_links":{"self":[{"href":"https:\/\/notrevilletaneuse.fr\/index.php\/wp-json\/wp\/v2\/pages\/212","targetHints":{"allow":["GET"]}}],"collection":[{"href":"https:\/\/notrevilletaneuse.fr\/index.php\/wp-json\/wp\/v2\/pages"}],"about":[{"href":"https:\/\/notrevilletaneuse.fr\/index.php\/wp-json\/wp\/v2\/types\/page"}],"author":[{"embeddable":true,"href":"https:\/\/notrevilletaneuse.fr\/index.php\/wp-json\/wp\/v2\/users\/1"}],"replies":[{"embeddable":true,"href":"https:\/\/notrevilletaneuse.fr\/index.php\/wp-json\/wp\/v2\/comments?post=212"}],"version-history":[{"count":7,"href":"https:\/\/notrevilletaneuse.fr\/index.php\/wp-json\/wp\/v2\/pages\/212\/revisions"}],"predecessor-version":[{"id":544,"href":"https:\/\/notrevilletaneuse.fr\/index.php\/wp-json\/wp\/v2\/pages\/212\/revisions\/544"}],"wp:attachment":[{"href":"https:\/\/notrevilletaneuse.fr\/index.php\/wp-json\/wp\/v2\/media?parent=212"}],"curies":[{"name":"wp","href":"https:\/\/api.w.org\/{rel}","templated":true}]}}