{"id":208,"date":"2026-02-11T15:53:34","date_gmt":"2026-02-11T15:53:34","guid":{"rendered":"https:\/\/notrevilletaneuse.fr\/?page_id=208"},"modified":"2026-02-15T09:46:26","modified_gmt":"2026-02-15T09:46:26","slug":"cadre-de-vie-et-tranquillite-publique","status":"publish","type":"page","link":"https:\/\/notrevilletaneuse.fr\/index.php\/cadre-de-vie-et-tranquillite-publique\/","title":{"rendered":"Cadre de vie et tranquillit\u00e9 publique"},"content":{"rendered":"\n<h2 class=\"wp-block-heading\">Cadre de vie et tranquillit\u00e9 publique<\/h2>\n\n\n\n<p><em>Nous devons cr\u00e9er les conditions d\u2019une vie paisible et solidaire dans notre ville<\/em><\/p>\n\n\n\n<h2 class=\"wp-block-heading\"><strong>L&#8217;\u00e9tat des lieux : R\u00e9sum\u00e9 des probl\u00e9matiques soulev\u00e9es<\/strong><\/h2>\n\n\n\n<p>Depuis 6 ans le cadre de vie \u00e0 Villetaneuse s\u2019est fortement d\u00e9grad\u00e9. En effet, l\u2019espace public n\u2019est pas bien entretenu, la qualit\u00e9 du fleurissement de la ville a diminu\u00e9, ce qui n\u2019est pas sans rapport avec la diminution du nombre d\u2019agents publics intervenant sur la voirie.<\/p>\n\n\n\n<p>L\u2019acc\u00e8s au service public de la mairie s\u2019est d\u00e9grad\u00e9, avec moins de plages horaires pour l\u2019accueil du public et une prise de rendez-vous, souvent impos\u00e9e via les outils num\u00e9riques, excluant ainsi une partie de la population.<\/p>\n\n\n\n<p>La mise en place de la police municipale et la multiplication des cam\u00e9ras de vid\u00e9o-protection n\u2019ont pas d\u00e9montr\u00e9 leur efficacit\u00e9, mais plut\u00f4t exasp\u00e9r\u00e9 nos concitoyens avec des verbalisations sans discernement et ont aussi contribu\u00e9 \u00e0 diminuer la pr\u00e9sence de la police nationale.<\/p>\n\n\n\n<p><\/p>\n\n\n\n<h2 class=\"wp-block-heading\"><strong>Nos Orientations Politiques :<\/strong><\/h2>\n\n\n\n<p>Nous agirons pour que Villetaneuse redevienne une ville fleurie et que l\u2019entretien du domaine public soit pris en compte.<\/p>\n\n\n\n<p>La ville devra r\u00e9investir ces sujets avec notamment Plaine Commune, qui aujourd\u2019hui, en assure en grande partie, la gestion par d\u00e9l\u00e9gation.<\/p>\n\n\n\n<p>Notre agirons \u00e9galement en direction des bailleurs sociaux publics et priv\u00e9s pour que les espaces ext\u00e9rieurs , dont ils sont propri\u00e9taires, fassent aussi l\u2019objet d\u2019un entretien r\u00e9gulier.<\/p>\n\n\n\n<p>Les missions de tranquillit\u00e9 publique municipale seront red\u00e9finies auxquelles s\u2019ajouteront des actions de m\u00e9diations, aujourd\u2019hui clairement sous-dimensionn\u00e9es, tout cela dans le but d\u2019\u0153uvrer \u00e0 am\u00e9liorer la tranquillit\u00e9 publique sur notre ville.<\/p>\n\n\n\n<p><\/p>\n\n\n\n<h2 class=\"wp-block-heading\"><strong>Les propositions en cours de discussion<\/strong> : <\/h2>\n\n\n\n<details class=\"wp-block-details is-layout-flow wp-block-details-is-layout-flow\"><summary><strong>Cadre de vie<\/strong><\/summary>\n<p class=\"has-text-align-left\">Nous militerons aupr\u00e8s des instances ad\u00e9quates (Plaine Commune M\u00e9tropole de Paris, R\u00e9gion, Etat, et autres institutions) pour que le Plan Local d\u2019Urbanisme Intercommunal s\u2019inscrive dans une logique garantissant un d\u00e9veloppement harmonieux et \u00e9quilibr\u00e9 entre les logements, les espaces verts, les services publics et les activit\u00e9s \u00e9conomiques.<\/p>\n<\/details>\n\n\n\n<details class=\"wp-block-details is-layout-flow wp-block-details-is-layout-flow\"><summary><strong>Logement<\/strong><\/summary>\n<p><\/p>\n\n\n\n<ul class=\"wp-block-list\">\n<li>Appuyer les amicales de locataires dans leurs interventions aupr\u00e8s de bailleurs exigeant l\u2019am\u00e9lioration de l\u2019entretien des parties communes et la prise en compte de leurs revendications, notamment concernant les projets de r\u00e9habilitation,<\/li>\n\n\n\n<li>Contr\u00f4ler et r\u00e9guler les locations via les plateformes de type Airbnb (fourniture d\u2019un DPE valide),<\/li>\n\n\n\n<li>Lutter contre l&#8217;habitat indigne et les marchands de sommeil,<\/li>\n\n\n\n<li>Promouvoir les nouvelles constructions avec \u00e9nergies passives, panneaux photovolta\u00efques et terrasses v\u00e9g\u00e9talis\u00e9es exploitables par les habitants.<\/li>\n<\/ul>\n<\/details>\n\n\n\n<details class=\"wp-block-details is-layout-flow wp-block-details-is-layout-flow\"><summary><strong>L\u2019acc\u00e8s aux services publics<\/strong><\/summary>\n<p>Les services publics de la ville ont \u00e9t\u00e9 particuli\u00e8rement malmen\u00e9s et cela n\u00e9cessitera la mise en place d\u2019un audit, int\u00e9grant la r\u00e9flexion des agents, pour leur redonner une nouvelle impulsion.<\/p>\n\n\n\n<p>Nos premi\u00e8res r\u00e9flexions :<\/p>\n\n\n\n<ul class=\"wp-block-list\">\n<li>Pouvoir prendre rendez-vous en se d\u00e9pla\u00e7ant en Mairie directement,<\/li>\n\n\n\n<li>Revoir les plannings d\u2019ouverture (Mairie ferm\u00e9e au public le jeudi matin),<\/li>\n\n\n\n<li>Veiller \u00e0 la r\u00e9partition harmonieuse des \u00e9quipements Publics (permanences Nord \/Sud planifi\u00e9es).<\/li>\n\n\n\n<li>R\u00e9flexion sur l\u2019ouverture des \u00e9quipements sportifs,<\/li>\n\n\n\n<li>Am\u00e9liorer l\u2019accueil et accompagnement des personnes sur les acc\u00e8s aux droits.<\/li>\n<\/ul>\n<\/details>\n\n\n\n<details class=\"wp-block-details is-layout-flow wp-block-details-is-layout-flow\"><summary><strong>Les espaces verts<\/strong><\/summary>\n<ul class=\"wp-block-list\">\n<li>Agir avec Plaine Commune pour am\u00e9liorer le fleurissement de la ville et l\u2019entretien du domaine public,<\/li>\n\n\n\n<li>Sanctuariser les espaces occup\u00e9s par les Jardins Ouvriers,<\/li>\n\n\n\n<li>R\u00e9flexion sur le concept de jardins partag\u00e9s associant les habitants des quartiers dans un contexte organis\u00e9 (fleurissement, mara\u00eechage\u2026).<\/li>\n<\/ul>\n<\/details>\n\n\n\n<details class=\"wp-block-details is-layout-flow wp-block-details-is-layout-flow\"><summary><strong>Les infrastructures de transport<\/strong><\/summary>\n<ul class=\"wp-block-list\">\n<li>Travailler la fluidit\u00e9 et la coh\u00e9rence de la circulation, les axes de circulations des poids lourds en tenant compte de l\u2019avis des habitants,<\/li>\n\n\n\n<li>R\u00e9flexion sur les \u00e9quipements visant \u00e0 apaiser la circulation en lien avec la population (Ralentisseurs, Radars de feux chicanes et autres).<\/li>\n\n\n\n<li>R\u00e9flexion sur la mobilit\u00e9 douce (v\u00e9los),<\/li>\n\n\n\n<li>R\u00e9flexion sur les espaces de stationnements (Parkings).<\/li>\n<\/ul>\n<\/details>\n\n\n\n<details class=\"wp-block-details is-layout-flow wp-block-details-is-layout-flow\"><summary><strong>Le Mobilier Urbain<\/strong><\/summary>\n<p>Retravailler avec Plaine Commune et les concessionnaires sur&nbsp;:<\/p>\n\n\n\n<ul class=\"wp-block-list\">\n<li>L\u2019entretien, l\u2019am\u00e9lioration et le renouvellement des \u00e9quipements urbains,<\/li>\n\n\n\n<li>L\u2019enfouissement des r\u00e9seaux, fluides, \u00e9nergies, et communication.<\/li>\n<\/ul>\n<\/details>\n\n\n\n<details class=\"wp-block-details is-layout-flow wp-block-details-is-layout-flow\"><summary><strong>La Tranquillit\u00e9 publique<\/strong><\/summary>\n<p>Nous r\u00e9activerons le Conseil Local de S\u00e9curit\u00e9 et de Pr\u00e9vention de la D\u00e9linquance (CLSPD) pour mener des actions visant \u00e0 am\u00e9liorer le quotidien des habitants :<\/p>\n\n\n\n<ul class=\"wp-block-list\">\n<li>En red\u00e9finissant les missions de la Police Municipale. Nous l&#8217;inscrirons dans une logique de compl\u00e9mentarit\u00e9 et donc d\u2019efficacit\u00e9 avec l\u2019ensemble des autres acteurs, tout en cessant de faire croire aux habitants qu\u2019elle pourrait se substituer \u00e0 la Police Nationale ou offrir une r\u00e9ponse \u00e9quivalente face aux questions de s\u00e9curit\u00e9,<\/li>\n\n\n\n<li>En accentuant les actions sur le Vivre Ensemble,<\/li>\n\n\n\n<li>En d\u00e9veloppant les actions de pr\u00e9vention, sensibilisation et m\u00e9diation.<\/li>\n<\/ul>\n<\/details>\n\n\n\n<p><\/p>\n\n\n\n<div style=\"height:26px\" aria-hidden=\"true\" class=\"wp-block-spacer\"><\/div>\n\n\n\n<figure class=\"wp-block-image size-large\"><img loading=\"lazy\" decoding=\"async\" width=\"725\" height=\"1024\" src=\"https:\/\/notrevilletaneuse.fr\/wp-content\/uploads\/2026\/02\/thema-Cadre-de-vie_page-0001-725x1024.jpg\" alt=\"\" class=\"wp-image-501\" srcset=\"https:\/\/notrevilletaneuse.fr\/wp-content\/uploads\/2026\/02\/thema-Cadre-de-vie_page-0001-725x1024.jpg 725w, https:\/\/notrevilletaneuse.fr\/wp-content\/uploads\/2026\/02\/thema-Cadre-de-vie_page-0001-212x300.jpg 212w, https:\/\/notrevilletaneuse.fr\/wp-content\/uploads\/2026\/02\/thema-Cadre-de-vie_page-0001-768x1085.jpg 768w, https:\/\/notrevilletaneuse.fr\/wp-content\/uploads\/2026\/02\/thema-Cadre-de-vie_page-0001-1087x1536.jpg 1087w, https:\/\/notrevilletaneuse.fr\/wp-content\/uploads\/2026\/02\/thema-Cadre-de-vie_page-0001.jpg 1241w\" sizes=\"auto, (max-width: 725px) 100vw, 725px\" \/><\/figure>\n\n\n\n<div class=\"wp-block-buttons is-content-justification-center is-layout-flex wp-container-core-buttons-is-layout-a89b3969 wp-block-buttons-is-layout-flex\">\n<div class=\"wp-block-button\"><a class=\"wp-block-button__link wp-element-button\" href=\"https:\/\/notrevilletaneuse.fr\/wp-content\/uploads\/2026\/02\/thema-Cadre-de-vie.pdf\">T\u00e9l\u00e9charger la version livret (PDF)<\/a><\/div>\n<\/div>\n\n\n\n<p><\/p>\n","protected":false},"excerpt":{"rendered":"<p>Cadre de vie et tranquillit\u00e9 publique Nous devons cr\u00e9er les conditions d\u2019une vie paisible et solidaire dans notre ville L&#8217;\u00e9tat [&hellip;]<\/p>\n","protected":false},"author":1,"featured_media":0,"parent":0,"menu_order":0,"comment_status":"closed","ping_status":"closed","template":"","meta":{"_monsterinsights_skip_tracking":false,"_monsterinsights_sitenote_active":false,"_monsterinsights_sitenote_note":"","_monsterinsights_sitenote_category":0,"site-sidebar-layout":"default","site-content-layout":"","ast-site-content-layout":"default","site-content-style":"default","site-sidebar-style":"default","ast-global-header-display":"","ast-banner-title-visibility":"","ast-main-header-display":"","ast-hfb-above-header-display":"","ast-hfb-below-header-display":"","ast-hfb-mobile-header-display":"","site-post-title":"disabled","ast-breadcrumbs-content":"","ast-featured-img":"","footer-sml-layout":"","ast-disable-related-posts":"","theme-transparent-header-meta":"","adv-header-id-meta":"","stick-header-meta":"","header-above-stick-meta":"","header-main-stick-meta":"","header-below-stick-meta":"","astra-migrate-meta-layouts":"default","ast-page-background-enabled":"default","ast-page-background-meta":{"desktop":{"background-color":"var(--ast-global-color-5)","background-image":"","background-repeat":"repeat","background-position":"center center","background-size":"auto","background-attachment":"scroll","background-type":"","background-media":"","overlay-type":"","overlay-color":"","overlay-opacity":"","overlay-gradient":""},"tablet":{"background-color":"","background-image":"","background-repeat":"repeat","background-position":"center center","background-size":"auto","background-attachment":"scroll","background-type":"","background-media":"","overlay-type":"","overlay-color":"","overlay-opacity":"","overlay-gradient":""},"mobile":{"background-color":"","background-image":"","background-repeat":"repeat","background-position":"center center","background-size":"auto","background-attachment":"scroll","background-type":"","background-media":"","overlay-type":"","overlay-color":"","overlay-opacity":"","overlay-gradient":""}},"ast-content-background-meta":{"desktop":{"background-color":"var(--ast-global-color-4)","background-image":"","background-repeat":"repeat","background-position":"center center","background-size":"auto","background-attachment":"scroll","background-type":"","background-media":"","overlay-type":"","overlay-color":"","overlay-opacity":"","overlay-gradient":""},"tablet":{"background-color":"var(--ast-global-color-4)","background-image":"","background-repeat":"repeat","background-position":"center center","background-size":"auto","background-attachment":"scroll","background-type":"","background-media":"","overlay-type":"","overlay-color":"","overlay-opacity":"","overlay-gradient":""},"mobile":{"background-color":"var(--ast-global-color-4)","background-image":"","background-repeat":"repeat","background-position":"center center","background-size":"auto","background-attachment":"scroll","background-type":"","background-media":"","overlay-type":"","overlay-color":"","overlay-opacity":"","overlay-gradient":""}},"footnotes":""},"class_list":["post-208","page","type-page","status-publish","hentry"],"_links":{"self":[{"href":"https:\/\/notrevilletaneuse.fr\/index.php\/wp-json\/wp\/v2\/pages\/208","targetHints":{"allow":["GET"]}}],"collection":[{"href":"https:\/\/notrevilletaneuse.fr\/index.php\/wp-json\/wp\/v2\/pages"}],"about":[{"href":"https:\/\/notrevilletaneuse.fr\/index.php\/wp-json\/wp\/v2\/types\/page"}],"author":[{"embeddable":true,"href":"https:\/\/notrevilletaneuse.fr\/index.php\/wp-json\/wp\/v2\/users\/1"}],"replies":[{"embeddable":true,"href":"https:\/\/notrevilletaneuse.fr\/index.php\/wp-json\/wp\/v2\/comments?post=208"}],"version-history":[{"count":12,"href":"https:\/\/notrevilletaneuse.fr\/index.php\/wp-json\/wp\/v2\/pages\/208\/revisions"}],"predecessor-version":[{"id":504,"href":"https:\/\/notrevilletaneuse.fr\/index.php\/wp-json\/wp\/v2\/pages\/208\/revisions\/504"}],"wp:attachment":[{"href":"https:\/\/notrevilletaneuse.fr\/index.php\/wp-json\/wp\/v2\/media?parent=208"}],"curies":[{"name":"wp","href":"https:\/\/api.w.org\/{rel}","templated":true}]}}