{"id":157,"date":"2026-02-07T09:49:19","date_gmt":"2026-02-07T09:49:19","guid":{"rendered":"https:\/\/notrevilletaneuse.fr\/?page_id=157"},"modified":"2026-02-12T13:35:39","modified_gmt":"2026-02-12T13:35:39","slug":"edito-de-carinne-juste","status":"publish","type":"page","link":"https:\/\/notrevilletaneuse.fr\/index.php\/edito-de-carinne-juste\/","title":{"rendered":"\u00c9dito de Carinne Juste"},"content":{"rendered":"\n<p><strong>Ch\u00e8res Villetaneusiennes, chers Villetaneusiens<\/strong><br>Apr\u00e8s <strong>une concertation avec les habitantes et les habitants depuis plusieurs mois<\/strong>, mon \u00e9quipe et moi-m\u00eame avons le plaisir de vous pr\u00e9senter <strong>nos premiers engagements pour 2026-2032<\/strong>.<\/p>\n\n\n\n<p><br>Ils ont \u00e9t\u00e9 d\u00e9finis dans le cadre d\u2019une <strong>d\u00e9marche in\u00e9dite<\/strong>, port\u00e9e par <strong>pr\u00e8s d&#8217;une centaine de personnes<\/strong>, r\u00e9unies en groupes th\u00e9matiques et directement impliqu\u00e9es dans cette <strong>dynamique participative<\/strong>.<\/p>\n\n\n\n<p><br>Elles sont toujours \u00e0 l\u2019\u0153uvre et je tiens \u00e0 les remercier chaleureusement.<\/p>\n\n\n\n<p><br>Et <strong>ce n\u2019est qu\u2019un d\u00e9but<\/strong>, chaque sujet demandera \u00e0 \u00eatre approfondi, v\u00e9rifi\u00e9 et concert\u00e9. Notre programme est et sera donc <strong>le fruit d\u2019un travail collectif<\/strong> qui devra <strong>continuer apr\u00e8s les \u00e9lections<\/strong>, afin que la <strong>construction de &#8220;Notre Villetaneuse<\/strong>&#8221; soit l\u2019affaire de toutes et de tous.<\/p>\n\n\n\n<p><br><strong>La d\u00e9mocratie sera au c\u0153ur de notre action<\/strong>, sans langue de bois ni de faux semblants, dans le dialogue, le respect, avec d<strong>es \u00e9lus accessibles et responsables<\/strong> qui <strong>respectent le personnel communa<\/strong>l.<\/p>\n\n\n\n<p><br>Le pr\u00e9sent document constitue <strong>les premiers engagements de notre campagne<\/strong> ; <strong><a href=\"https:\/\/notrevilletaneuse.fr\/index.php\/nos-engagements\/\" data-type=\"page\" data-id=\"88\">une version plus compl\u00e8te de nos travaux est progressivement accessible en ligne sur ce site<\/a><\/strong>.<\/p>\n\n\n\n<p>Nous savons qu\u2019en responsabilit\u00e9, nous aurons \u00e0 <strong>remettre la ville sur les rails<\/strong>. Il y aura fort \u00e0 faire.<\/p>\n\n\n\n<p><br><strong>Un audit citoyen sera indispensable<\/strong> pour \u00e9tablir la v\u00e9rit\u00e9 sur l\u2019\u00e9tat de notre Ville, allant au-del\u00e0 des seules questions financi\u00e8res. Cet <strong>\u00e9tat des lieux complet<\/strong>, nous permettra de d\u00e9finir, <strong>en toute transparence<\/strong>, les \u00e9tapes et les d\u00e9lais n\u00e9cessaires \u00e0 son redressement.<\/p>\n\n\n\n<p><br>Au niveau budg\u00e9taire,<strong> notre ville a \u00e9t\u00e9 malmen\u00e9e<\/strong>, entre le <strong>d\u00e9sengagement de l\u2019\u00c9tat <\/strong>et les <strong>d\u00e9cisions irresponsables de la municipalit\u00e9 actuelle<\/strong>. Il nous faudra donc<strong> faire des choix<\/strong>,<strong> arr\u00eater des priorit\u00e9s<\/strong>.<\/p>\n\n\n\n<p><br><strong>Nous ne promettrons pas ce qui ne peut l\u2019\u00eatre<\/strong> et <strong>nous m\u00e8nerons avec vous la bataille politique<\/strong>, notamment au sein de Plaine Commune, pour <strong>faire bouger les lignes<\/strong>.<\/p>\n\n\n\n<p><br><strong>C\u2019est une ville apais\u00e9e et dynamique que nous voulons<\/strong>, une ville avec <strong>des<\/strong> <strong>services publics renforc\u00e9s<\/strong> qui traitent toutes et tous de la m\u00eame mani\u00e8re, du plus petit au ancien, quel que soit sa condition sociale, son genre ou son origine.<\/p>\n\n\n\n<p><br><strong>D\u00e9mocratie, respect de l\u2019environnement, travail sur les m\u00e9moires, \u00e9galit\u00e9 femmes\/hommes, \u00e9ducation et solidarit\u00e9s<\/strong> seront nos boussoles.<\/p>\n\n\n\n<p><br>Mon exp\u00e9rience est \u00e0 votre service avec, \u00e0 mes c\u00f4t\u00e9s, <strong>une \u00e9quipe soud\u00e9e<\/strong>, <strong>investie et engag\u00e9e<\/strong>.<\/p>\n\n\n\n<p><br>Solidairement v\u00f4tre,<br><strong>Carinne Juste<\/strong><\/p>\n\n\n\n<p>.<\/p>\n","protected":false},"excerpt":{"rendered":"<p>Ch\u00e8res Villetaneusiennes, chers VilletaneusiensApr\u00e8s une concertation avec les habitantes et les habitants depuis plusieurs mois, mon \u00e9quipe et moi-m\u00eame avons [&hellip;]<\/p>\n","protected":false},"author":1,"featured_media":0,"parent":0,"menu_order":0,"comment_status":"closed","ping_status":"closed","template":"","meta":{"_monsterinsights_skip_tracking":false,"_monsterinsights_sitenote_active":false,"_monsterinsights_sitenote_note":"","_monsterinsights_sitenote_category":0,"site-sidebar-layout":"default","site-content-layout":"","ast-site-content-layout":"default","site-content-style":"default","site-sidebar-style":"default","ast-global-header-display":"","ast-banner-title-visibility":"","ast-main-header-display":"","ast-hfb-above-header-display":"","ast-hfb-below-header-display":"","ast-hfb-mobile-header-display":"","site-post-title":"","ast-breadcrumbs-content":"","ast-featured-img":"","footer-sml-layout":"","ast-disable-related-posts":"","theme-transparent-header-meta":"","adv-header-id-meta":"","stick-header-meta":"","header-above-stick-meta":"","header-main-stick-meta":"","header-below-stick-meta":"","astra-migrate-meta-layouts":"default","ast-page-background-enabled":"default","ast-page-background-meta":{"desktop":{"background-color":"var(--ast-global-color-5)","background-image":"","background-repeat":"repeat","background-position":"center center","background-size":"auto","background-attachment":"scroll","background-type":"","background-media":"","overlay-type":"","overlay-color":"","overlay-opacity":"","overlay-gradient":""},"tablet":{"background-color":"","background-image":"","background-repeat":"repeat","background-position":"center center","background-size":"auto","background-attachment":"scroll","background-type":"","background-media":"","overlay-type":"","overlay-color":"","overlay-opacity":"","overlay-gradient":""},"mobile":{"background-color":"","background-image":"","background-repeat":"repeat","background-position":"center center","background-size":"auto","background-attachment":"scroll","background-type":"","background-media":"","overlay-type":"","overlay-color":"","overlay-opacity":"","overlay-gradient":""}},"ast-content-background-meta":{"desktop":{"background-color":"var(--ast-global-color-4)","background-image":"","background-repeat":"repeat","background-position":"center center","background-size":"auto","background-attachment":"scroll","background-type":"","background-media":"","overlay-type":"","overlay-color":"","overlay-opacity":"","overlay-gradient":""},"tablet":{"background-color":"var(--ast-global-color-4)","background-image":"","background-repeat":"repeat","background-position":"center center","background-size":"auto","background-attachment":"scroll","background-type":"","background-media":"","overlay-type":"","overlay-color":"","overlay-opacity":"","overlay-gradient":""},"mobile":{"background-color":"var(--ast-global-color-4)","background-image":"","background-repeat":"repeat","background-position":"center center","background-size":"auto","background-attachment":"scroll","background-type":"","background-media":"","overlay-type":"","overlay-color":"","overlay-opacity":"","overlay-gradient":""}},"footnotes":""},"class_list":["post-157","page","type-page","status-publish","hentry"],"_links":{"self":[{"href":"https:\/\/notrevilletaneuse.fr\/index.php\/wp-json\/wp\/v2\/pages\/157","targetHints":{"allow":["GET"]}}],"collection":[{"href":"https:\/\/notrevilletaneuse.fr\/index.php\/wp-json\/wp\/v2\/pages"}],"about":[{"href":"https:\/\/notrevilletaneuse.fr\/index.php\/wp-json\/wp\/v2\/types\/page"}],"author":[{"embeddable":true,"href":"https:\/\/notrevilletaneuse.fr\/index.php\/wp-json\/wp\/v2\/users\/1"}],"replies":[{"embeddable":true,"href":"https:\/\/notrevilletaneuse.fr\/index.php\/wp-json\/wp\/v2\/comments?post=157"}],"version-history":[{"count":6,"href":"https:\/\/notrevilletaneuse.fr\/index.php\/wp-json\/wp\/v2\/pages\/157\/revisions"}],"predecessor-version":[{"id":462,"href":"https:\/\/notrevilletaneuse.fr\/index.php\/wp-json\/wp\/v2\/pages\/157\/revisions\/462"}],"wp:attachment":[{"href":"https:\/\/notrevilletaneuse.fr\/index.php\/wp-json\/wp\/v2\/media?parent=157"}],"curies":[{"name":"wp","href":"https:\/\/api.w.org\/{rel}","templated":true}]}}