{"id":14,"date":"2026-02-04T16:28:44","date_gmt":"2026-02-04T16:28:44","guid":{"rendered":"https:\/\/notrevilletaneuse.fr\/?page_id=14"},"modified":"2026-02-11T23:14:02","modified_gmt":"2026-02-11T23:14:02","slug":"notre-villetaneuse-pour-une-ville-dynamique-populaire-et-apaisee","status":"publish","type":"page","link":"https:\/\/notrevilletaneuse.fr\/","title":{"rendered":"Notre Villetaneuse &#8211; Pour une ville dynamique, populaire et apais\u00e9e"},"content":{"rendered":"\n<figure class=\"wp-block-video alignwide\"><video height=\"1080\" style=\"aspect-ratio: 1920 \/ 1080;\" width=\"1920\" controls src=\"https:\/\/notrevilletaneuse.fr\/wp-content\/uploads\/2026\/02\/PROGRAMME.mp4\"><\/video><\/figure>\n\n\n\n<p>Notre Villetaneuse, c\u2019est une d\u00e9marche collective, citoyenne et populaire, port\u00e9e par des habitantes et des habitants engag\u00e9s pour leur ville.<\/p>\n\n\n\n<p>Face aux difficult\u00e9s du quotidien, nous faisons le choix de la solidarit\u00e9, de la d\u00e9mocratie locale et de l\u2019\u00e9mancipation.<br>Nous croyons \u00e0 une ville qui prot\u00e8ge, qui respecte et qui donne \u00e0 chacune et chacun les moyens d\u2019agir.<\/p>\n\n\n\n<p><strong>Avec Carinne Juste et une \u00e9quipe ancr\u00e9e sur le terrain<\/strong>, nous construisons un projet pour une ville plus juste, plus humaine et plus apais\u00e9e.<\/p>\n\n\n\n<div class=\"wp-block-buttons is-layout-flex wp-block-buttons-is-layout-flex\">\n<div class=\"wp-block-button\"><a class=\"wp-block-button__link has-text-align-center wp-element-button\" href=\"https:\/\/notrevilletaneuse.fr\/index.php\/edito-de-carinne-juste\/\">Lire l\u2019\u00e9dito de Carinne Juste<\/a><\/div>\n<\/div>\n\n\n\n<hr class=\"wp-block-separator has-alpha-channel-opacity\"\/>\n\n\n\n<div class=\"wp-block-group is-layout-constrained wp-block-group-is-layout-constrained\">\n<div class=\"wp-block-group nv-engagements-wrap is-layout-constrained wp-block-group-is-layout-constrained\">\n<h2 class=\"wp-block-heading has-text-align-center\">Nos engagements pour Villetaneuse<\/h2>\n<\/div>\n\n\n\n<div class=\"wp-block-columns is-layout-flex wp-container-core-columns-is-layout-28f84493 wp-block-columns-is-layout-flex\">\n<div class=\"wp-block-column is-layout-flow wp-block-column-is-layout-flow\">\n<h3 class=\"wp-block-heading has-text-align-center\">Construire ensemble, tout au long du mandat<\/h3>\n\n\n\n<p class=\"has-text-align-center\">Faire vivre une d\u00e9mocratie locale active, proche et participative.<\/p>\n\n\n\n<p class=\"has-text-align-center\"><em>La d\u00e9mocratie ne s\u2019arr\u00eatera pas le soir de l\u2019\u00e9lection.<\/em><\/p>\n\n\n\n<div class=\"wp-block-buttons is-content-justification-center is-layout-flex wp-container-core-buttons-is-layout-a89b3969 wp-block-buttons-is-layout-flex\">\n<div class=\"wp-block-button\"><a class=\"wp-block-button__link has-text-align-center wp-element-button\" href=\"https:\/\/notrevilletaneuse.fr\/index.php\/construire-ensemble-tout-au-long-du-mandat\/\">Participer aux d\u00e9cisions<\/a><\/div>\n<\/div>\n<\/div>\n\n\n\n<div class=\"wp-block-column is-layout-flow wp-block-column-is-layout-flow\">\n<h3 class=\"wp-block-heading has-text-align-center\">La ville du respect et de l\u2019\u00e9mancipation<\/h3>\n\n\n\n<p class=\"has-text-align-center\">Une ville du respect, de l\u2019\u00e9galit\u00e9 et du pouvoir d\u2019agir.<\/p>\n\n\n\n<p class=\"has-text-align-center\"><em>Le respect n\u2019est pas un slogan, c\u2019est une fa\u00e7on de gouverner.<\/em><\/p>\n\n\n\n<div class=\"wp-block-buttons is-content-justification-center is-layout-flex wp-container-core-buttons-is-layout-a89b3969 wp-block-buttons-is-layout-flex\">\n<div class=\"wp-block-button\"><a class=\"wp-block-button__link has-text-align-center wp-element-button\" href=\"https:\/\/notrevilletaneuse.fr\/index.php\/la-ville-du-respect-et-de-lemancipation\/\">Nos valeurs et nos engagements<\/a><\/div>\n<\/div>\n<\/div>\n<\/div>\n\n\n\n<div class=\"wp-block-columns is-layout-flex wp-container-core-columns-is-layout-28f84493 wp-block-columns-is-layout-flex\">\n<div class=\"wp-block-column is-layout-flow wp-block-column-is-layout-flow\">\n<h3 class=\"wp-block-heading has-text-align-center\">Enfance et jeunesse : l\u2019\u00e9mancipation pour objectif<\/h3>\n\n\n\n<p class=\"has-text-align-center\">Donner \u00e0 chaque enfant et \u00e0 chaque jeune les moyens de r\u00e9ussir.<\/p>\n\n\n\n<p class=\"has-text-align-center\"><em>\u00c0 Villetaneuse, aucun enfant, aucun jeune ne doit \u00eatre laiss\u00e9 de c\u00f4t\u00e9.<\/em><\/p>\n\n\n\n<div class=\"wp-block-buttons is-content-justification-center is-layout-flex wp-container-core-buttons-is-layout-a89b3969 wp-block-buttons-is-layout-flex\">\n<div class=\"wp-block-button\"><a class=\"wp-block-button__link wp-element-button\" href=\"https:\/\/notrevilletaneuse.fr\/index.php\/enfance-et-jeunesse-lemancipation-pour-objectif\/\">Agir pour la jeunesse<\/a><\/div>\n<\/div>\n<\/div>\n\n\n\n<div class=\"wp-block-column is-layout-flow wp-block-column-is-layout-flow\">\n<h3 class=\"wp-block-heading has-text-align-center\">Logement, sant\u00e9 et handicap : le rempart social<\/h3>\n\n\n\n<p class=\"has-text-align-center\">Garantir un logement digne, l\u2019acc\u00e8s aux soins et des r\u00e9ponses adapt\u00e9es aux situations de handicap.<\/p>\n\n\n\n<p class=\"has-text-align-center\"><em>La mairie doit \u00eatre un rempart, pas un spectateur.<\/em><\/p>\n\n\n\n<div class=\"wp-block-buttons is-content-justification-center is-layout-flex wp-container-core-buttons-is-layout-a89b3969 wp-block-buttons-is-layout-flex\">\n<div class=\"wp-block-button\"><a class=\"wp-block-button__link wp-element-button\" href=\"https:\/\/notrevilletaneuse.fr\/index.php\/logement-sante-et-handicap-le-rempart-social\/\">Le rempart social<\/a><\/div>\n<\/div>\n<\/div>\n\n\n\n<div class=\"wp-block-column is-layout-flow wp-block-column-is-layout-flow\">\n<h3 class=\"wp-block-heading has-text-align-center\">L\u2019\u00e9cologie populaire et l\u2019\u00e9conomie solidaire<\/h3>\n\n\n\n<p class=\"has-text-align-center\">Une \u00e9cologie utile, sociale et cr\u00e9atrice d\u2019emplois locaux.<\/p>\n\n\n\n<p class=\"has-text-align-center\"><em>L\u2019\u00e9cologie doit am\u00e9liorer la vie quotidienne, pas la compliquer.<\/em><\/p>\n\n\n\n<div class=\"wp-block-buttons is-content-justification-center is-layout-flex wp-container-core-buttons-is-layout-a89b3969 wp-block-buttons-is-layout-flex\">\n<div class=\"wp-block-button\"><a class=\"wp-block-button__link wp-element-button\" href=\"https:\/\/notrevilletaneuse.fr\/index.php\/lecologie-populaire-et-leconomie-solidaire\/\">\u00c9cologie et \u00e9conomie solidaire<\/a><\/div>\n<\/div>\n<\/div>\n<\/div>\n<\/div>\n\n\n<\/div>\n<p><!-- \/wp:post-content --><\/div>\n<p><!-- \/wp:group --><\/div>\n<p><!-- \/wp:group --><\/div>\n<p><!-- \/wp:group --><\/div>\n<p><!-- \/wp:group --><\/div>\n<p><!-- \/wp:group --><\/div>\n<p><!-- \/wp:group --><\/div>\n<p><!-- \/wp:group --><\/div>\n<p><!-- \/wp:group --><\/p>\n<p><!-- wp:paragraph --><\/p>\n<p><!-- \/wp:paragraph --><\/p>\n<p><!-- wp:paragraph --><\/p>\n<p><!-- \/wp:paragraph --><\/p>","protected":false},"excerpt":{"rendered":"<p>Notre Villetaneuse, c\u2019est une d\u00e9marche collective, citoyenne et populaire, port\u00e9e par des habitantes et des habitants engag\u00e9s pour leur ville. [&hellip;]<\/p>\n","protected":false},"author":1,"featured_media":0,"parent":0,"menu_order":0,"comment_status":"closed","ping_status":"closed","template":"","meta":{"_monsterinsights_skip_tracking":false,"_monsterinsights_sitenote_active":false,"_monsterinsights_sitenote_note":"","_monsterinsights_sitenote_category":0,"site-sidebar-layout":"default","site-content-layout":"","ast-site-content-layout":"default","site-content-style":"default","site-sidebar-style":"default","ast-global-header-display":"","ast-banner-title-visibility":"","ast-main-header-display":"","ast-hfb-above-header-display":"","ast-hfb-below-header-display":"","ast-hfb-mobile-header-display":"","site-post-title":"disabled","ast-breadcrumbs-content":"","ast-featured-img":"","footer-sml-layout":"","ast-disable-related-posts":"","theme-transparent-header-meta":"","adv-header-id-meta":"","stick-header-meta":"","header-above-stick-meta":"","header-main-stick-meta":"","header-below-stick-meta":"","astra-migrate-meta-layouts":"default","ast-page-background-enabled":"default","ast-page-background-meta":{"desktop":{"background-color":"var(--ast-global-color-5)","background-image":"","background-repeat":"repeat","background-position":"center center","background-size":"auto","background-attachment":"scroll","background-type":"","background-media":"","overlay-type":"","overlay-color":"","overlay-opacity":"","overlay-gradient":""},"tablet":{"background-color":"","background-image":"","background-repeat":"repeat","background-position":"center center","background-size":"auto","background-attachment":"scroll","background-type":"","background-media":"","overlay-type":"","overlay-color":"","overlay-opacity":"","overlay-gradient":""},"mobile":{"background-color":"","background-image":"","background-repeat":"repeat","background-position":"center center","background-size":"auto","background-attachment":"scroll","background-type":"","background-media":"","overlay-type":"","overlay-color":"","overlay-opacity":"","overlay-gradient":""}},"ast-content-background-meta":{"desktop":{"background-color":"var(--ast-global-color-4)","background-image":"","background-repeat":"repeat","background-position":"center center","background-size":"auto","background-attachment":"scroll","background-type":"","background-media":"","overlay-type":"","overlay-color":"","overlay-opacity":"","overlay-gradient":""},"tablet":{"background-color":"var(--ast-global-color-4)","background-image":"","background-repeat":"repeat","background-position":"center center","background-size":"auto","background-attachment":"scroll","background-type":"","background-media":"","overlay-type":"","overlay-color":"","overlay-opacity":"","overlay-gradient":""},"mobile":{"background-color":"var(--ast-global-color-4)","background-image":"","background-repeat":"repeat","background-position":"center center","background-size":"auto","background-attachment":"scroll","background-type":"","background-media":"","overlay-type":"","overlay-color":"","overlay-opacity":"","overlay-gradient":""}},"footnotes":""},"class_list":["post-14","page","type-page","status-publish","hentry"],"_links":{"self":[{"href":"https:\/\/notrevilletaneuse.fr\/index.php\/wp-json\/wp\/v2\/pages\/14","targetHints":{"allow":["GET"]}}],"collection":[{"href":"https:\/\/notrevilletaneuse.fr\/index.php\/wp-json\/wp\/v2\/pages"}],"about":[{"href":"https:\/\/notrevilletaneuse.fr\/index.php\/wp-json\/wp\/v2\/types\/page"}],"author":[{"embeddable":true,"href":"https:\/\/notrevilletaneuse.fr\/index.php\/wp-json\/wp\/v2\/users\/1"}],"replies":[{"embeddable":true,"href":"https:\/\/notrevilletaneuse.fr\/index.php\/wp-json\/wp\/v2\/comments?post=14"}],"version-history":[{"count":37,"href":"https:\/\/notrevilletaneuse.fr\/index.php\/wp-json\/wp\/v2\/pages\/14\/revisions"}],"predecessor-version":[{"id":404,"href":"https:\/\/notrevilletaneuse.fr\/index.php\/wp-json\/wp\/v2\/pages\/14\/revisions\/404"}],"wp:attachment":[{"href":"https:\/\/notrevilletaneuse.fr\/index.php\/wp-json\/wp\/v2\/media?parent=14"}],"curies":[{"name":"wp","href":"https:\/\/api.w.org\/{rel}","templated":true}]}}